{"id":122,"date":"2019-08-24T21:49:37","date_gmt":"2019-08-24T21:49:37","guid":{"rendered":"http:\/\/xk000569.ferozo.com\/univista\/?page_id=122"},"modified":"2023-08-17T14:50:39","modified_gmt":"2023-08-17T14:50:39","slug":"blog","status":"publish","type":"page","link":"https:\/\/orlandobackup.univistainsurance.com\/es\/blog\/","title":{"rendered":"Blog"},"content":{"rendered":"<section class=\"wpb-content-wrapper\">[vc_row fullwidth=&#8221;true&#8221; visibility=&#8221;visible-sm&#8221; css=&#8221;.vc_custom_1571685811393{background: #ffffff url(\/wp-content\/uploads\/2019\/10\/back-call-1.png?id=1351) !important;background-position: center !important;background-repeat: no-repeat !important;background-size: cover !important;}&#8221; el_class=&#8221;sticky&#8221;][vc_column css=&#8221;.vc_custom_1570797804053{padding-top: 20px !important;}&#8221;][vc_column_text disable_pattern=&#8221;false&#8221; css=&#8221;.vc_custom_1592596490809{margin-bottom: 0px !important;}&#8221;]\n<h4><a href=\"tel:305-995-0032\"><b>Llame al 305-995-0032<\/b><\/a><\/h4>\n[\/vc_column_text][\/vc_column][\/vc_row][vc_row fullwidth=&#8221;true&#8221; fullwidth_content=&#8221;false&#8221; visibility=&#8221;visible-sm&#8221; css=&#8221;.vc_custom_1574687693132{margin-top: 0px !important;margin-right: 0px !important;margin-left: 0px !important;border-top-width: 0px !important;border-right-width: 0px !important;border-bottom-width: 0px !important;border-left-width: 0px !important;padding-top: 0px !important;padding-right: 20px !important;padding-bottom: 10px !important;padding-left: 20px !important;background-color: #e6e6e6 !important;}&#8221; el_class=&#8221;sticky-toolbar&#8221;][vc_column][vc_widget_sidebar sidebar_id=&#8221;sidebar-17&#8243; el_class=&#8221;widget-top&#8221;][\/vc_column][\/vc_row][vc_row fullwidth=&#8221;true&#8221; fullwidth_content=&#8221;false&#8221; css=&#8221;.vc_custom_1569443905216{padding-top: 70px !important;}&#8221;][vc_column][mk_fancy_title color=&#8221;#1b4290&#8243; size=&#8221;24&#8243; font_family=&#8221;none&#8221; align=&#8221;center&#8221;]<strong>Univista Blog<\/strong><br \/>\nLas ultimas novedades[\/mk_fancy_title][\/vc_column][\/vc_row][vc_row fullwidth=&#8221;true&#8221; fullwidth_content=&#8221;false&#8221; equal_columns=&#8221;true&#8221;][vc_column width=&#8221;1\/3&#8243; el_class=&#8221;blog-search&#8221;][vc_wp_search][\/vc_column][vc_column width=&#8221;1\/3&#8243; el_class=&#8221;blog-desplegable&#8221;][vc_raw_html]JTNDc2VsZWN0JTIwb25jaGFuZ2UlM0QlMjJ0aGlzLm9wdGlvbnMlNUJ0aGlzLnNlbGVjdGVkSW5kZXglNUQudmFsdWUlMjAlMjYlMjYlMjAlMjh3aW5kb3cubG9jYXRpb24lMjAlM0QlMjB0aGlzLm9wdGlvbnMlNUJ0aGlzLnNlbGVjdGVkSW5kZXglNUQudmFsdWUlMjklM0IlMjIlM0UlMEElMjAlMjAlMjAlMjAlM0NvcHRpb24lMjB2YWx1ZSUzRCUyMiUyMiUzRUZpbHRyYXIlMjBwb3IlMjBDYXRlZ29yaWFzLi4uJTNDJTJGb3B0aW9uJTNFJTBBJTIwJTIwJTIwJTIwJTNDb3B0aW9uJTIwdmFsdWUlM0QlMjIlMkZjYXRlZ29yeSUyRmNvbW1lcmNpYWwtaW5zdXJhbmNlJTJGJTIyJTNFU2VndXJvJTIwQ29tZXJjaWFsJTNDJTJGb3B0aW9uJTNFJTBBJTIwJTIwJTIwJTIwJTNDb3B0aW9uJTIwdmFsdWUlM0QlMjIlMkZjYXRlZ29yeSUyRmhlYWx0aC1pbnN1cmFuY2UlMkYlMjIlM0VTZWd1cm8lMjBkZSUyMFNhbHVkJTNDJTJGb3B0aW9uJTNFJTBBJTIwJTIwJTIwJTIwJTNDb3B0aW9uJTIwdmFsdWUlM0QlMjIlMkZjYXRlZ29yeSUyRmxpZmUtaW5zdXJhbmNlJTJGJTIyJTNFU2VndXJvJTIwZGUlMjBWaWRhJTNDJTJGb3B0aW9uJTNFJTBBJTIwJTIwJTIwJTIwJTNDb3B0aW9uJTIwdmFsdWUlM0QlMjIlMkZjYXRlZ29yeSUyRm1lZGljYXJlLWFkdmFudGFnZSUyRiUyMiUzRVNlZ3VybyUyME1lZGljYXJlJTNDJTJGb3B0aW9uJTNFJTBBJTIwJTIwJTIwJTIwJTNDb3B0aW9uJTIwdmFsdWUlM0QlMjIlMkZjYXRlZ29yeSUyRnByb3BlcnR5LWluc3VyYW5jZSUyRiUyMiUzRVNlZ3VybyUyMGRlJTIwUHJvcGllZGFkJTNDJTJGb3B0aW9uJTNFJTBBJTIwJTIwJTIwJTIwJTNDb3B0aW9uJTIwdmFsdWUlM0QlMjIlMkZjYXRlZ29yeSUyRnZlaGljbGUtaW5zdXJhbmNlJTJGJTIyJTNFU2VndXJvJTIwZGUlMjBBdXRvJTNDJTJGb3B0aW9uJTNFJTBBJTNDJTJGc2VsZWN0JTNF[\/vc_raw_html][\/vc_column][vc_column width=&#8221;1\/3&#8243; el_class=&#8221;hide&#8221;][mk_image src=&#8221;\/wp-content\/uploads\/sugested_es.svg&#8221; image_size=&#8221;full&#8221; svg=&#8221;true&#8221; margin_bottom=&#8221;0&#8243;][\/vc_column][\/vc_row][vc_row fullwidth=&#8221;true&#8221; fullwidth_content=&#8221;false&#8221; visibility=&#8221;hidden-sm&#8221;][vc_column][rev_slider_vc alias=&#8221;blog&#8221;][\/vc_column][\/vc_row][vc_row fullwidth=&#8221;true&#8221; fullwidth_content=&#8221;false&#8221; css=&#8221;.vc_custom_1567132656691{padding-bottom: 100px !important;}&#8221;][vc_column][mk_blog style=&#8221;thumbnail&#8221; image_size=&#8221;full&#8221; post_count=&#8221;3&#8243; pagination_style=&#8221;2&#8243;][\/vc_column][\/vc_row][vc_row fullwidth=&#8221;true&#8221; fullwidth_content=&#8221;false&#8221; visibility=&#8221;hidden-sm&#8221; css=&#8221;.vc_custom_1571447068261{padding-top: 40px !important;padding-bottom: 40px !important;background-image: url(\/wp-content\/uploads\/2019\/08\/back-home.png?id=4) !important;}&#8221;][vc_column][mk_fancy_title color=&#8221;#1b4290&#8243; size=&#8221;24&#8243; font_family=&#8221;none&#8221; align=&#8221;center&#8221;]<strong>\u00bfQu\u00e9 tipo (s) <\/strong>de seguro (s) necesita?[\/mk_fancy_title][mk_animated_columns column_height=&#8221;300&#8243; column_number=&#8221;6&#8243; order=&#8221;ASC&#8221; orderby=&#8221;menu_order&#8221; bg_hover_color=&#8221;#1b4290&#8243; icon_size=&#8221;128&#8243; txt_color=&#8221;#ffffff&#8221; txt_hover_color=&#8221;#ffffff&#8221; columns=&#8221;2189, 2198, 2194, 2196, 2192&#8243;][\/vc_column][\/vc_row][vc_row fullwidth=&#8221;true&#8221; fullwidth_content=&#8221;false&#8221; visibility=&#8221;visible-sm&#8221; css=&#8221;.vc_custom_1571438228800{padding-top: 40px !important;padding-bottom: 40px !important;}&#8221;][vc_column][mk_gallery images=&#8221;1531,1532,800,799,798,1533&#8243; custom_links=&#8221;car-insurance-quotes, home-insurance,commercial-insurance,get-a-free-quote-health,life-insurance,medicare-advantage&#8221; column=&#8221;1&#8243; image_size=&#8221;medium&#8221; orderby=&#8221;post__in&#8221;][\/vc_column][\/vc_row][vc_row fullwidth=&#8221;true&#8221; fullwidth_content=&#8221;false&#8221; css=&#8221;.vc_custom_1566595173985{padding-top: 40px !important;padding-bottom: 40px !important;background-color: #e6e6e6 !important;}&#8221;][vc_column width=&#8221;1\/3&#8243;][mk_icon_box2 icon_type=&#8221;image&#8221; icon_size=&#8221;128&#8243; icon_image=&#8221;\/wp-content\/uploads\/icon-buy.svg&#8221; title=&#8221;Comprar online&#8221; title_size=&#8221;24&#8243; title_weight=&#8221;normal&#8221; align=&#8221;left&#8221;]Encuentre su mejor cobertura. Seleccione una compa\u00f1\u00eda para comprar un seguro en l\u00ednea[\/mk_icon_box2][mk_image src=&#8221;\/wp-content\/uploads\/windhaven.svg&#8221; image_size=&#8221;full&#8221; svg=&#8221;true&#8221; link=&#8221;\/es\/cotizacion-gratis\/&#8221; target=&#8221;_blank&#8221; align=&#8221;right&#8221; margin_bottom=&#8221;0&#8243;][\/vc_column][vc_column width=&#8221;1\/3&#8243;][mk_icon_box2 icon_type=&#8221;image&#8221; icon_size=&#8221;128&#8243; icon_image=&#8221;\/wp-content\/uploads\/suscribe.svg&#8221; title=&#8221;Suscribase&#8221; title_size=&#8221;24&#8243; title_weight=&#8221;normal&#8221; align=&#8221;left&#8221;]A nuestras mas recientes noticias y ofertas especiales que tenemos para ofrecerle[\/mk_icon_box2][mk_image src=&#8221;\/wp-content\/uploads\/suscribe-now.svg&#8221; image_size=&#8221;full&#8221; svg=&#8221;true&#8221; link=&#8221;\/suscripcion\/&#8221; align=&#8221;right&#8221; margin_bottom=&#8221;0&#8243;][\/vc_column][vc_column width=&#8221;1\/3&#8243;][mk_icon_box2 icon_type=&#8221;image&#8221; icon_size=&#8221;128&#8243; icon_image=&#8221;\/wp-content\/uploads\/icon-find.svg&#8221; title=&#8221;Agentes&#8221; title_size=&#8221;24&#8243; title_weight=&#8221;normal&#8221; align=&#8221;left&#8221;]Encuentre y hable con un agente local cerca de usted. Ingrese su codigo postal[\/mk_icon_box2][mk_image src=&#8221;\/wp-content\/uploads\/find.svg&#8221; image_size=&#8221;full&#8221; svg=&#8221;true&#8221; link=&#8221;\/find-an-agent\/&#8221; target=&#8221;_blank&#8221; align=&#8221;right&#8221; margin_bottom=&#8221;0&#8243;][\/vc_column][\/vc_row]\n<\/section>","protected":false},"excerpt":{"rendered":"<p>[vc_row fullwidth=&#8221;true&#8221; visibility=&#8221;visible-sm&#8221; css=&#8221;.vc_custom_1571685811393{background: #ffffff url(\/wp-content\/uploads\/2019\/10\/back-call-1.png?id=1351) !important;background-position: center !important;background-repeat: no-repeat !important;background-size: cover !important;}&#8221; el_class=&#8221;sticky&#8221;][vc_column css=&#8221;.vc_custom_1570797804053{padding-top: 20px !important;}&#8221;][vc_column_text disable_pattern=&#8221;false&#8221; css=&#8221;.vc_custom_1592596490809{margin-bottom: 0px !important;}&#8221;] Llame al 305-995-0032 [\/vc_column_text][\/vc_column][\/vc_row][vc_row fullwidth=&#8221;true&#8221; fullwidth_content=&#8221;false&#8221; visibility=&#8221;visible-sm&#8221; css=&#8221;.vc_custom_1574687693132{margin-top: 0px !important;margin-right: 0px !important;margin-left: 0px !important;border-top-width: 0px !important;border-right-width: 0px !important;border-bottom-width: 0px !important;border-left-width: 0px !important;padding-top: 0px !important;padding-right: 20px !important;padding-bottom: 10px !important;padding-left: 20px !important;background-color: #e6e6e6 !important;}&#8221; el_class=&#8221;sticky-toolbar&#8221;][vc_column][vc_widget_sidebar sidebar_id=&#8221;sidebar-17&#8243; [&hellip;]<\/p>\n","protected":false},"author":2,"featured_media":0,"parent":0,"menu_order":0,"comment_status":"closed","ping_status":"closed","template":"","meta":{"footnotes":""},"class_list":["post-122","page","type-page","status-publish","hentry"],"translation":{"provider":"WPGlobus","version":"2.12.2","language":"es","enabled_languages":["en","es"],"languages":{"en":{"title":true,"content":true,"excerpt":false},"es":{"title":true,"content":true,"excerpt":false}}},"yoast_head":"<!-- This site is optimized with the Yoast SEO Premium plugin v18.1 (Yoast SEO v26.9) - https:\/\/yoast.com\/product\/yoast-seo-premium-wordpress\/ -->\n<title>Blog | UniVista Insurance Orlando<\/title>\n<meta name=\"description\" content=\"El Blog de Univista provee toda la informaci\u00f3n que necesita sobre nuestras p\u00f3lizas de seguros, ofertas e informaci\u00f3n general sobre Univista Insurance.\" \/>\n<meta name=\"robots\" content=\"index, follow, max-snippet:-1, max-image-preview:large, max-video-preview:-1\" \/>\n<link rel=\"canonical\" href=\"https:\/\/orlandobackup.univistainsurance.com\/blog\/\" \/>\n<meta property=\"og:locale\" content=\"es_ES\" \/>\n<meta property=\"og:type\" content=\"article\" \/>\n<meta property=\"og:title\" content=\"Blog | UniVista Insurance Orlando\" \/>\n<meta property=\"og:description\" content=\"El Blog de Univista provee toda la informaci\u00f3n que necesita sobre nuestras p\u00f3lizas de seguros, ofertas e informaci\u00f3n general sobre Univista Insurance.\" \/>\n<meta property=\"og:url\" content=\"https:\/\/orlandobackup.univistainsurance.com\/blog\/\" \/>\n<meta property=\"og:site_name\" content=\"UniVista Insurance Orlando\" \/>\n<meta property=\"article:publisher\" content=\"https:\/\/www.facebook.com\/UnivistaInsuranceOfficialPage\/\" \/>\n<meta property=\"article:modified_time\" content=\"2023-08-17T14:50:39+00:00\" \/>\n<meta name=\"twitter:card\" content=\"summary_large_image\" \/>\n<meta name=\"twitter:site\" content=\"@UnivistaIns\" \/>\n<meta name=\"twitter:label1\" content=\"Est. reading time\" \/>\n\t<meta name=\"twitter:data1\" content=\"1 minute\" \/>\n<script type=\"application\/ld+json\" class=\"yoast-schema-graph\">{\"@context\":\"https:\/\/schema.org\",\"@graph\":[{\"@type\":\"WebPage\",\"@id\":\"https:\/\/orlandobackup.univistainsurance.com\/blog\/\",\"url\":\"https:\/\/orlandobackup.univistainsurance.com\/blog\/\",\"name\":\"Blog | UniVista Insurance Orlando\",\"isPartOf\":{\"@id\":\"https:\/\/orlandobackup.univistainsurance.com\/#website\"},\"datePublished\":\"2019-08-24T21:49:37+00:00\",\"dateModified\":\"2023-08-17T14:50:39+00:00\",\"description\":\"The Univista Blog provides all the information you need about our insurance policies, important offers, and general information about Univista Insurance.\",\"breadcrumb\":{\"@id\":\"https:\/\/orlandobackup.univistainsurance.com\/blog\/#breadcrumb\"},\"inLanguage\":\"es-ES\",\"potentialAction\":[{\"@type\":\"ReadAction\",\"target\":[\"https:\/\/orlandobackup.univistainsurance.com\/blog\/\"]}]},{\"@type\":\"BreadcrumbList\",\"@id\":\"https:\/\/orlandobackup.univistainsurance.com\/blog\/#breadcrumb\",\"itemListElement\":[{\"@type\":\"ListItem\",\"position\":1,\"name\":\"Home\",\"item\":\"https:\/\/orlandobackup.univistainsurance.com\/\"},{\"@type\":\"ListItem\",\"position\":2,\"name\":\"Blog\"}]},{\"@type\":\"WebSite\",\"@id\":\"https:\/\/orlandobackup.univistainsurance.com\/#website\",\"url\":\"https:\/\/orlandobackup.univistainsurance.com\/\",\"name\":\"UniVista Insurance Orlando\",\"description\":\"UniVista Insurance Orlando\",\"publisher\":{\"@id\":\"https:\/\/orlandobackup.univistainsurance.com\/#organization\"},\"potentialAction\":[{\"@type\":\"SearchAction\",\"target\":{\"@type\":\"EntryPoint\",\"urlTemplate\":\"https:\/\/orlandobackup.univistainsurance.com\/?s={search_term_string}\"},\"query-input\":{\"@type\":\"PropertyValueSpecification\",\"valueRequired\":true,\"valueName\":\"search_term_string\"}}],\"inLanguage\":\"es-ES\"},{\"@type\":\"Organization\",\"@id\":\"https:\/\/orlandobackup.univistainsurance.com\/#organization\",\"name\":\"Univista Insurance\",\"url\":\"https:\/\/orlandobackup.univistainsurance.com\/\",\"logo\":{\"@type\":\"ImageObject\",\"inLanguage\":\"es-ES\",\"@id\":\"https:\/\/orlandobackup.univistainsurance.com\/#\/schema\/logo\/image\/\",\"url\":\"https:\/\/orlandobackup.univistainsurance.com\/wp-content\/uploads\/2019\/08\/logo-univista.png\",\"contentUrl\":\"https:\/\/orlandobackup.univistainsurance.com\/wp-content\/uploads\/2019\/08\/logo-univista.png\",\"width\":190,\"height\":50,\"caption\":\"Univista Insurance\"},\"image\":{\"@id\":\"https:\/\/orlandobackup.univistainsurance.com\/#\/schema\/logo\/image\/\"},\"sameAs\":[\"https:\/\/www.facebook.com\/UnivistaInsuranceOfficialPage\/\",\"https:\/\/x.com\/UnivistaIns\",\"https:\/\/www.instagram.com\/univista.insurance\/\",\"https:\/\/www.linkedin.com\/company\/univista-insurance\",\"https:\/\/www.youtube.com\/univistainsuranceforall\"]}]}<\/script>\n<!-- \/ Yoast SEO Premium plugin. -->","yoast_head_json":{"title":"Blog | UniVista Insurance Orlando","description":"El Blog de Univista provee toda la informaci\u00f3n que necesita sobre nuestras p\u00f3lizas de seguros, ofertas e informaci\u00f3n general sobre Univista Insurance.","robots":{"index":"index","follow":"follow","max-snippet":"max-snippet:-1","max-image-preview":"max-image-preview:large","max-video-preview":"max-video-preview:-1"},"canonical":"https:\/\/orlandobackup.univistainsurance.com\/blog\/","og_locale":"es_ES","og_type":"article","og_title":"Blog | UniVista Insurance Orlando","og_description":"El Blog de Univista provee toda la informaci\u00f3n que necesita sobre nuestras p\u00f3lizas de seguros, ofertas e informaci\u00f3n general sobre Univista Insurance.","og_url":"https:\/\/orlandobackup.univistainsurance.com\/blog\/","og_site_name":"UniVista Insurance Orlando","article_publisher":"https:\/\/www.facebook.com\/UnivistaInsuranceOfficialPage\/","article_modified_time":"2023-08-17T14:50:39+00:00","twitter_card":"summary_large_image","twitter_site":"@UnivistaIns","twitter_misc":{"Est. reading time":"1 minute"},"schema":{"@context":"https:\/\/schema.org","@graph":[{"@type":"WebPage","@id":"https:\/\/orlandobackup.univistainsurance.com\/blog\/","url":"https:\/\/orlandobackup.univistainsurance.com\/blog\/","name":"Blog | UniVista Insurance Orlando","isPartOf":{"@id":"https:\/\/orlandobackup.univistainsurance.com\/#website"},"datePublished":"2019-08-24T21:49:37+00:00","dateModified":"2023-08-17T14:50:39+00:00","description":"The Univista Blog provides all the information you need about our insurance policies, important offers, and general information about Univista Insurance.","breadcrumb":{"@id":"https:\/\/orlandobackup.univistainsurance.com\/blog\/#breadcrumb"},"inLanguage":"es-ES","potentialAction":[{"@type":"ReadAction","target":["https:\/\/orlandobackup.univistainsurance.com\/blog\/"]}]},{"@type":"BreadcrumbList","@id":"https:\/\/orlandobackup.univistainsurance.com\/blog\/#breadcrumb","itemListElement":[{"@type":"ListItem","position":1,"name":"Home","item":"https:\/\/orlandobackup.univistainsurance.com\/"},{"@type":"ListItem","position":2,"name":"Blog"}]},{"@type":"WebSite","@id":"https:\/\/orlandobackup.univistainsurance.com\/#website","url":"https:\/\/orlandobackup.univistainsurance.com\/","name":"UniVista Insurance Orlando","description":"UniVista Insurance Orlando","publisher":{"@id":"https:\/\/orlandobackup.univistainsurance.com\/#organization"},"potentialAction":[{"@type":"SearchAction","target":{"@type":"EntryPoint","urlTemplate":"https:\/\/orlandobackup.univistainsurance.com\/?s={search_term_string}"},"query-input":{"@type":"PropertyValueSpecification","valueRequired":true,"valueName":"search_term_string"}}],"inLanguage":"es-ES"},{"@type":"Organization","@id":"https:\/\/orlandobackup.univistainsurance.com\/#organization","name":"Univista Insurance","url":"https:\/\/orlandobackup.univistainsurance.com\/","logo":{"@type":"ImageObject","inLanguage":"es-ES","@id":"https:\/\/orlandobackup.univistainsurance.com\/#\/schema\/logo\/image\/","url":"https:\/\/orlandobackup.univistainsurance.com\/wp-content\/uploads\/2019\/08\/logo-univista.png","contentUrl":"https:\/\/orlandobackup.univistainsurance.com\/wp-content\/uploads\/2019\/08\/logo-univista.png","width":190,"height":50,"caption":"Univista Insurance"},"image":{"@id":"https:\/\/orlandobackup.univistainsurance.com\/#\/schema\/logo\/image\/"},"sameAs":["https:\/\/www.facebook.com\/UnivistaInsuranceOfficialPage\/","https:\/\/x.com\/UnivistaIns","https:\/\/www.instagram.com\/univista.insurance\/","https:\/\/www.linkedin.com\/company\/univista-insurance","https:\/\/www.youtube.com\/univistainsuranceforall"]}]}},"_links":{"self":[{"href":"https:\/\/orlandobackup.univistainsurance.com\/es\/wp-json\/wp\/v2\/pages\/122","targetHints":{"allow":["GET"]}}],"collection":[{"href":"https:\/\/orlandobackup.univistainsurance.com\/es\/wp-json\/wp\/v2\/pages"}],"about":[{"href":"https:\/\/orlandobackup.univistainsurance.com\/es\/wp-json\/wp\/v2\/types\/page"}],"author":[{"embeddable":true,"href":"https:\/\/orlandobackup.univistainsurance.com\/es\/wp-json\/wp\/v2\/users\/2"}],"replies":[{"embeddable":true,"href":"https:\/\/orlandobackup.univistainsurance.com\/es\/wp-json\/wp\/v2\/comments?post=122"}],"version-history":[{"count":82,"href":"https:\/\/orlandobackup.univistainsurance.com\/es\/wp-json\/wp\/v2\/pages\/122\/revisions"}],"predecessor-version":[{"id":7659,"href":"https:\/\/orlandobackup.univistainsurance.com\/es\/wp-json\/wp\/v2\/pages\/122\/revisions\/7659"}],"wp:attachment":[{"href":"https:\/\/orlandobackup.univistainsurance.com\/es\/wp-json\/wp\/v2\/media?parent=122"}],"curies":[{"name":"wp","href":"https:\/\/api.w.org\/{rel}","templated":true}]}}