{"id":2814,"date":"2020-05-08T14:01:48","date_gmt":"2020-05-08T14:01:48","guid":{"rendered":"http:\/\/temp.univistainsurance.com\/?page_id=2814"},"modified":"2021-01-18T20:22:41","modified_gmt":"2021-01-18T20:22:41","slug":"privacy","status":"publish","type":"page","link":"https:\/\/orlandobackup.univistainsurance.com\/es\/privacidad\/","title":{"rendered":"Pol\u00edtica de Privacidad"},"content":{"rendered":"<section class=\"wpb-content-wrapper\">[vc_row css=&#8221;.vc_custom_1592594521364{margin-top: 100px !important;}&#8221;][vc_column][mk_fancy_title font_family=&#8221;none&#8221;]\n<h1 class=\"text-blue\"><strong>Pol\u00edtica de Privacidad<\/strong><\/h1>\n[\/mk_fancy_title][\/vc_column][\/vc_row][vc_row css=&#8221;.vc_custom_1592938793262{margin-right: 10px !important;margin-left: 10px !important;}&#8221;][vc_column][vc_column_text css=&#8221;.vc_custom_1589392723839{margin-bottom: 0px !important;}&#8221;]Univista Insurance se basa en el principio de ayudar a las personas a encontrar y comprar un seguro. Univista Insurance son agencias de seguros que representan a muchas compa\u00f1\u00edas de seguros, corredores de seguros, agencias generales de gesti\u00f3n y prometen mantener su informaci\u00f3n personal segura y confidencial.<\/p>\n<p>Sabemos que le importa c\u00f3mo se usa y comparte su informaci\u00f3n personal, y tomamos su privacidad muy en serio. Recopilamos informaci\u00f3n sobre usted por las siguientes razones: obtenga cotizaciones de seguros en su nombre de compa\u00f1\u00edas de seguros, corredores de seguros y agencias generales de gesti\u00f3n, contacto para carreras y otros servicios que requieren su informaci\u00f3n. Queremos que comprenda c\u00f3mo protegemos su privacidad y c\u00f3mo recopilamos y usamos su informaci\u00f3n.[\/vc_column_text][\/vc_column][\/vc_row][vc_row][vc_column][mk_fancy_title font_family=&#8221;none&#8221;]\n<h2 class=\"text-red\">RESUMEN<\/h2>\n<div id=\"gtx-trans\" style=\"position: absolute; left: 10px; top: -1.02083px;\">\n<div class=\"gtx-trans-icon\"><\/div>\n<\/div>\n[\/mk_fancy_title][\/vc_column][\/vc_row][vc_row css=&#8221;.vc_custom_1592938834190{margin-right: 10px !important;margin-left: 10px !important;}&#8221;][vc_column][vc_column_text css=&#8221;.vc_custom_1589392895516{margin-bottom: 0px !important;}&#8221;]Esta secci\u00f3n resume nuestras pr\u00e1cticas de privacidad, c\u00f3mo la protegemos y qui\u00e9n puede verla. Debe leer la pol\u00edtica de privacidad completa a continuaci\u00f3n para obtener m\u00e1s detalles.<\/p>\n<p>Recopilamos la informaci\u00f3n que nos proporciona en Internet, por tel\u00e9fono, a trav\u00e9s de una aplicaci\u00f3n m\u00f3vil, por correo electr\u00f3nico, a trav\u00e9s de nuestros proveedores de servicios o por cualquier otro medio.<br \/>\nUtilizamos su informaci\u00f3n solo para llevar a cabo nuestro negocio y proporcionarle cotizaciones de seguros, ventas y servicios.<br \/>\nCompartiremos su informaci\u00f3n con su agente seleccionado, representante de servicio al cliente, compa\u00f1\u00edas de seguros, corredores de seguros, agencias generales de gesti\u00f3n, que proporcionan ciertos productos o servicios que solicita a trav\u00e9s de nosotros.<br \/>\nNo compartiremos su informaci\u00f3n con otras compa\u00f1\u00edas para sus fines de marketing independientes.<br \/>\nNo vendemos ni venderemos su informaci\u00f3n personal.<br \/>\nAseguramos ampliamente el acceso a su informaci\u00f3n.<br \/>\nINFORMACI\u00d3N QUE USTED NOS PROPORCIONA<br \/>\nRecopilamos informaci\u00f3n sobre usted para cotizar y dar servicio a su p\u00f3liza de seguro.<\/p>\n<p>Esto incluye la informaci\u00f3n que nos proporciona en Internet, por tel\u00e9fono, a trav\u00e9s de una aplicaci\u00f3n m\u00f3vil, por correo electr\u00f3nico, a trav\u00e9s de nuestros proveedores de servicios o por cualquier otro medio.[\/vc_column_text][\/vc_column][\/vc_row][vc_row][vc_column][mk_fancy_title font_family=&#8221;none&#8221;]\n<h2 class=\"text-red\">INFORMACI\u00d3N DE APLICACI\u00d3N<\/h2>\n<div id=\"gtx-trans\" style=\"position: absolute; left: 21px; top: -1.02083px;\">\n<div class=\"gtx-trans-icon\"><\/div>\n<\/div>\n[\/mk_fancy_title][\/vc_column][\/vc_row][vc_row css=&#8221;.vc_custom_1592938895920{margin-right: 10px !important;margin-left: 10px !important;}&#8221;][vc_column][vc_column_text css=&#8221;.vc_custom_1592583937863{margin-bottom: 0px !important;}&#8221;]Recopilamos informaci\u00f3n a trav\u00e9s de su agente, por tel\u00e9fono, en Internet, por correo electr\u00f3nico, a trav\u00e9s de una aplicaci\u00f3n m\u00f3vil, nuestros proveedores de servicios o por cualquier otro medio como su:<\/p>\n<ul>\n<li>Nombre<\/li>\n<li>Direcci\u00f3n<\/li>\n<li>Tel\u00e9fono<\/li>\n<li>Correo electr\u00f3nico<\/li>\n<li>N\u00famero de licencia de conducir<\/li>\n<li>N\u00famero de seguridad social<\/li>\n<li>Fecha de nacimiento<\/li>\n<li>Genero<\/li>\n<li>Estado civil<\/li>\n<li>Tipo de veh\u00edculo<\/li>\n<li>Informaci\u00f3n sobre otros conductores<\/li>\n<\/ul>\n[\/vc_column_text][\/vc_column][\/vc_row][vc_row][vc_column][mk_fancy_title font_family=&#8221;none&#8221;]\n<h2 class=\"text-blue\">INFORMACI\u00d3N SOBRE SUS TRANSACCIONES<\/h2>\n<div id=\"gtx-trans\" style=\"position: absolute; left: 441px; top: 42.2674px;\">\n<div class=\"gtx-trans-icon\"><\/div>\n<\/div>\n[\/mk_fancy_title][\/vc_column][\/vc_row][vc_row css=&#8221;.vc_custom_1592938916328{margin-right: 10px !important;margin-left: 10px !important;}&#8221;][vc_column][vc_column_text css=&#8221;.vc_custom_1611000569484{margin-bottom: 0px !important;}&#8221;]Podemos recopilar informaci\u00f3n sobre sus transacciones con nosotros y otros. Puede incluir informaci\u00f3n como informes de veh\u00edculos, informaci\u00f3n de cr\u00e9dito al consumidor, informaci\u00f3n demogr\u00e1fica, historiales de seguros e informes de reclamos de seguros y cambios de veh\u00edculos. Tambi\u00e9n incluye informaci\u00f3n que requerimos para fines de facturaci\u00f3n y pago.<\/p>\n<h4 class=\"text-blue\">INFORMACI\u00d3N DE TERCEROS<\/h4>\n<p>Podemos recibir informaci\u00f3n sobre usted de agencias de informes del consumidor, terceros afiliados y no afiliados. Puede incluir informaci\u00f3n como informes de veh\u00edculos, informaci\u00f3n de cr\u00e9dito al consumidor, informaci\u00f3n demogr\u00e1fica, historiales de seguros e informes de reclamos de seguros. Las agencias de informes del consumidor, terceros afiliados y no afiliados conservan la informaci\u00f3n y la divulgan a otros seg\u00fan lo permita la ley.<\/p>\n<h4 class=\"text-blue\">SERVICIOS DE LOCALIZACI\u00d3N<\/h4>\n<p>Su ubicaci\u00f3n actual solo se usa si permite que nuestra aplicaci\u00f3n m\u00f3vil Univista y nuestro sitio web lo hagan. Con nuestra aplicaci\u00f3n m\u00f3vil, puede hablar con un agente cercano o tener un contacto con usted en funci\u00f3n de sus necesidades de seguro y ubicaci\u00f3n<\/p>\n<h4 class=\"text-blue\">INFORMACI\u00d3N DEL SITIO WEB<\/h4>\n<p>Cuando visita nuestros sitios web, utilizamos cookies y otra tecnolog\u00eda para recopilar informaci\u00f3n sobre usted y sus actividades en nuestros sitios web para mejorar su experiencia en l\u00ednea y publicitar nuestros productos y servicios. Puede incluir informaci\u00f3n sobre su direcci\u00f3n IP e informaci\u00f3n sobre su dispositivo, el momento de la visita y las p\u00e1ginas que visita en nuestro sitio web.<\/p>\n<p>Univista Insurance utiliza servicios de terceros como Google Analytics para ayudar a analizar c\u00f3mo se usa nuestro sitio web. Estos servicios, incluido Google Analytics, tambi\u00e9n utilizan cookies para recopilar informaci\u00f3n sobre los visitantes de nuestro sitio (incluidas las direcciones IP) de forma an\u00f3nima que no incluye informaci\u00f3n personal.<\/p>\n<h2 class=\"text-red\">COMPARTIENDO SU INFORMACI\u00d3N<\/h2>\n<p>La informaci\u00f3n sobre nuestros clientes actuales, anteriores o potenciales puede divulgarse, pero solo seg\u00fan lo permita o exija la ley, o seg\u00fan lo permita o indique el cliente o consumidor.<\/p>\n<p>Por ejemplo, podemos divulgar dicha informaci\u00f3n a compa\u00f1\u00edas de seguros afiliadas y no afiliadas, agentes de seguros, compa\u00f1\u00edas de reaseguros, organizaciones de apoyo de seguros, como agencias de informes del consumidor, entidades gubernamentales y administradores de reclamos. Tambi\u00e9n podemos divulgar dicha informaci\u00f3n a terceros no afiliados que realizan servicios o funciones en nuestro nombre, incluida la comercializaci\u00f3n de nuestros productos o servicios. Adem\u00e1s, tambi\u00e9n podemos divulgar la informaci\u00f3n que sea necesaria para efectuar, administrar o hacer cumplir una transacci\u00f3n que solicite o autorice, o en relaci\u00f3n con el servicio o el procesamiento de una transacci\u00f3n que solicite o autorice.<\/p>\n<p>Los siguientes son ejemplos de situaciones en las que podemos compartir su informaci\u00f3n:<\/p>\n<ul>\n<li>Su informaci\u00f3n puede pasarse entre nosotros y nuestros agentes, tasadores, abogados, investigadores y otras personas que puedan estar involucradas en la venta y comercializaci\u00f3n de productos y servicios de Univista, el procesamiento de solicitudes y el servicio de pol\u00edticas o reclamos.<\/li>\n<li>Si solicita una cotizaci\u00f3n de comparaci\u00f3n, su informaci\u00f3n puede compartirse con un agente de seguros afiliado y compa\u00f1\u00edas de seguros \u00a0para proporcionarle las cotizaciones de comparaci\u00f3n solicitadas.<\/li>\n<li>Proporcionamos la informaci\u00f3n de su p\u00f3liza a los ajustadores y otras entidades comerciales apropiadas que realizan las reparaciones necesarias a su veh\u00edculo o propiedad asegurada por nosotros cuando tiene un reclamo.<\/li>\n<li>Podemos proporcionar su informaci\u00f3n a otras personas que determinemos que necesitan dicha informaci\u00f3n para realizar seguros u otras funciones profesionales para nosotros. Estos pueden incluir partes que nos ayudan con servicios administrativos y agencias de informes del consumidor.<\/li>\n<li>Podemos suministrar la informaci\u00f3n requerida por orden de allanamiento, citaci\u00f3n o proceso legal, a los departamentos estatales de seguros u otras autoridades policiales o gubernamentales cuando as\u00ed lo requiera la ley, o para proteger nuestros propios intereses legales en caso de sospecha de actividades ilegales o fraudulentas.<\/li>\n<li>Si recopilamos su informaci\u00f3n como agente de uno de nuestros socios comerciales, podemos usarla para comunicarnos con usted o hacerle una oferta sobre productos de seguros que puedan ser de su inter\u00e9s.<\/li>\n<\/ul>\n<div id=\"gtx-trans\" style=\"position: absolute; left: 623px; top: 555.229px;\">\n<div class=\"gtx-trans-icon\"><\/div>\n<\/div>\n[\/vc_column_text][\/vc_column][\/vc_row][vc_row][vc_column][mk_fancy_title font_family=&#8221;none&#8221;]\n<h2 class=\"text-red\">PROTEGIENDO SU INFORMACI\u00d3N<\/h2>\n<div id=\"gtx-trans\" style=\"position: absolute; left: 99px; top: -1.02083px;\">\n<div class=\"gtx-trans-icon\"><\/div>\n<\/div>\n[\/mk_fancy_title][\/vc_column][\/vc_row][vc_row css=&#8221;.vc_custom_1592938939714{margin-right: 10px !important;margin-left: 10px !important;}&#8221;][vc_column][vc_column_text css=&#8221;.vc_custom_1592581781344{margin-bottom: 0px !important;}&#8221;]Restringimos el acceso a su informaci\u00f3n a nuestros empleados y otras personas que deben usarla para proporcionar nuestros productos y servicios. Capacitamos a nuestros empleados para salvaguardar la informaci\u00f3n del cliente. Su uso de la informaci\u00f3n est\u00e1 limitado por la ley, nuestro c\u00f3digo de conducta de los empleados y los acuerdos escritos, seg\u00fan corresponda.<\/p>\n<p>Limitamos el acceso a nuestros servidores y exigimos a nuestros empleados que cumplan con altos est\u00e1ndares de \u00e9tica e integridad. Adem\u00e1s, cuando ingresa informaci\u00f3n confidencial, como cualquier informaci\u00f3n personal, encriptamos la transmisi\u00f3n de esa informaci\u00f3n utilizando el certificado de Seguridad de la capa de transporte (TLS). La informaci\u00f3n que proporciona se guarda en estricta confidencialidad.[\/vc_column_text][\/vc_column][\/vc_row][vc_row][vc_column][mk_fancy_title font_family=&#8221;none&#8221;]\n<h2 class=\"text-red\">LEY DE PRIVACIDAD DEL CONSUMIDOR DE CALIFORNIA<\/h2>\n<div id=\"gtx-trans\" style=\"position: absolute; left: 383px; top: -1.02083px;\">\n<div class=\"gtx-trans-icon\"><\/div>\n<\/div>\n[\/mk_fancy_title][\/vc_column][\/vc_row][vc_row css=&#8221;.vc_custom_1592938960189{margin-right: 10px !important;margin-left: 10px !important;}&#8221;][vc_column][vc_column_text css=&#8221;.vc_custom_1608242794907{margin-bottom: 0px !important;}&#8221;]A partir del 1 de enero de 2020, si usted es residente de California, tiene derechos adicionales bajo la Ley de Privacidad del Consumidor de California con respecto a cierta informaci\u00f3n personal que Univista puede tener sobre usted. Para obtener m\u00e1s informaci\u00f3n sobre estos derechos y sobre las pr\u00e1cticas de Univista con respecto a dicha informaci\u00f3n personal, consulte el Aviso complementario de la Ley de privacidad del consumidor de California de Univista.[\/vc_column_text][\/vc_column][\/vc_row]\n<\/section>","protected":false},"excerpt":{"rendered":"<p>[vc_row css=&#8221;.vc_custom_1592594521364{margin-top: 100px !important;}&#8221;][vc_column][mk_fancy_title font_family=&#8221;none&#8221;] Pol\u00edtica de Privacidad [\/mk_fancy_title][\/vc_column][\/vc_row][vc_row css=&#8221;.vc_custom_1592938793262{margin-right: 10px !important;margin-left: 10px !important;}&#8221;][vc_column][vc_column_text css=&#8221;.vc_custom_1589392723839{margin-bottom: 0px !important;}&#8221;]Univista Insurance se basa en el principio de ayudar a las personas a encontrar y comprar un seguro. Univista Insurance son agencias de seguros que representan a muchas compa\u00f1\u00edas de seguros, corredores de seguros, agencias generales de gesti\u00f3n y [&hellip;]<\/p>\n","protected":false},"author":2,"featured_media":0,"parent":0,"menu_order":0,"comment_status":"closed","ping_status":"closed","template":"","meta":{"footnotes":""},"class_list":["post-2814","page","type-page","status-publish","hentry"],"translation":{"provider":"WPGlobus","version":"2.12.2","language":"es","enabled_languages":["en","es"],"languages":{"en":{"title":true,"content":true,"excerpt":false},"es":{"title":true,"content":true,"excerpt":false}}},"yoast_head":"<!-- This site is optimized with the Yoast SEO Premium plugin v18.1 (Yoast SEO v26.9) - https:\/\/yoast.com\/product\/yoast-seo-premium-wordpress\/ -->\n<title>Pol\u00edtica de Privacidad | UniVista Insurance Orlando<\/title>\n<meta name=\"description\" content=\"Visite nuestro sitio web y encuentre algunos de nuestros documentos legales, incluidos los t\u00e9rminos y condiciones, pol\u00edtica de privacidad y m\u00e1s.\" \/>\n<meta name=\"robots\" content=\"index, follow, max-snippet:-1, max-image-preview:large, max-video-preview:-1\" \/>\n<link rel=\"canonical\" href=\"https:\/\/orlandobackup.univistainsurance.com\/privacy\/\" \/>\n<meta property=\"og:locale\" content=\"es_ES\" \/>\n<meta property=\"og:type\" content=\"article\" \/>\n<meta property=\"og:title\" content=\"Pol\u00edtica de Privacidad | UniVista Insurance Orlando\" \/>\n<meta property=\"og:description\" content=\"Visite nuestro sitio web y encuentre algunos de nuestros documentos legales, incluidos los t\u00e9rminos y condiciones, pol\u00edtica de privacidad y m\u00e1s.\" \/>\n<meta property=\"og:url\" content=\"https:\/\/orlandobackup.univistainsurance.com\/privacy\/\" \/>\n<meta property=\"og:site_name\" content=\"UniVista Insurance Orlando\" \/>\n<meta property=\"article:publisher\" content=\"https:\/\/www.facebook.com\/UnivistaInsuranceOfficialPage\/\" \/>\n<meta property=\"article:modified_time\" content=\"2021-01-18T20:22:41+00:00\" \/>\n<meta name=\"twitter:card\" content=\"summary_large_image\" \/>\n<meta name=\"twitter:site\" content=\"@UnivistaIns\" \/>\n<meta name=\"twitter:label1\" content=\"Est. reading time\" \/>\n\t<meta name=\"twitter:data1\" content=\"15 minutes\" \/>\n<script type=\"application\/ld+json\" class=\"yoast-schema-graph\">{\"@context\":\"https:\/\/schema.org\",\"@graph\":[{\"@type\":\"WebPage\",\"@id\":\"https:\/\/orlandobackup.univistainsurance.com\/privacy\/\",\"url\":\"https:\/\/orlandobackup.univistainsurance.com\/privacy\/\",\"name\":\"Pol\u00edtica de Privacidad | UniVista Insurance Orlando\",\"isPartOf\":{\"@id\":\"https:\/\/orlandobackup.univistainsurance.com\/#website\"},\"datePublished\":\"2020-05-08T14:01:48+00:00\",\"dateModified\":\"2021-01-18T20:22:41+00:00\",\"description\":\"Click here to visit our website and find some of our legal documents, including terms and conditions, privacy policy, and more.\",\"breadcrumb\":{\"@id\":\"https:\/\/orlandobackup.univistainsurance.com\/privacy\/#breadcrumb\"},\"inLanguage\":\"es-ES\",\"potentialAction\":[{\"@type\":\"ReadAction\",\"target\":[\"https:\/\/orlandobackup.univistainsurance.com\/privacy\/\"]}]},{\"@type\":\"BreadcrumbList\",\"@id\":\"https:\/\/orlandobackup.univistainsurance.com\/privacy\/#breadcrumb\",\"itemListElement\":[{\"@type\":\"ListItem\",\"position\":1,\"name\":\"Home\",\"item\":\"https:\/\/orlandobackup.univistainsurance.com\/\"},{\"@type\":\"ListItem\",\"position\":2,\"name\":\"Privacy Policy\"}]},{\"@type\":\"WebSite\",\"@id\":\"https:\/\/orlandobackup.univistainsurance.com\/#website\",\"url\":\"https:\/\/orlandobackup.univistainsurance.com\/\",\"name\":\"UniVista Insurance Orlando\",\"description\":\"UniVista Insurance Orlando\",\"publisher\":{\"@id\":\"https:\/\/orlandobackup.univistainsurance.com\/#organization\"},\"potentialAction\":[{\"@type\":\"SearchAction\",\"target\":{\"@type\":\"EntryPoint\",\"urlTemplate\":\"https:\/\/orlandobackup.univistainsurance.com\/?s={search_term_string}\"},\"query-input\":{\"@type\":\"PropertyValueSpecification\",\"valueRequired\":true,\"valueName\":\"search_term_string\"}}],\"inLanguage\":\"es-ES\"},{\"@type\":\"Organization\",\"@id\":\"https:\/\/orlandobackup.univistainsurance.com\/#organization\",\"name\":\"Univista Insurance\",\"url\":\"https:\/\/orlandobackup.univistainsurance.com\/\",\"logo\":{\"@type\":\"ImageObject\",\"inLanguage\":\"es-ES\",\"@id\":\"https:\/\/orlandobackup.univistainsurance.com\/#\/schema\/logo\/image\/\",\"url\":\"https:\/\/orlandobackup.univistainsurance.com\/wp-content\/uploads\/2019\/08\/logo-univista.png\",\"contentUrl\":\"https:\/\/orlandobackup.univistainsurance.com\/wp-content\/uploads\/2019\/08\/logo-univista.png\",\"width\":190,\"height\":50,\"caption\":\"Univista Insurance\"},\"image\":{\"@id\":\"https:\/\/orlandobackup.univistainsurance.com\/#\/schema\/logo\/image\/\"},\"sameAs\":[\"https:\/\/www.facebook.com\/UnivistaInsuranceOfficialPage\/\",\"https:\/\/x.com\/UnivistaIns\",\"https:\/\/www.instagram.com\/univista.insurance\/\",\"https:\/\/www.linkedin.com\/company\/univista-insurance\",\"https:\/\/www.youtube.com\/univistainsuranceforall\"]}]}<\/script>\n<!-- \/ Yoast SEO Premium plugin. -->","yoast_head_json":{"title":"Pol\u00edtica de Privacidad | UniVista Insurance Orlando","description":"Visite nuestro sitio web y encuentre algunos de nuestros documentos legales, incluidos los t\u00e9rminos y condiciones, pol\u00edtica de privacidad y m\u00e1s.","robots":{"index":"index","follow":"follow","max-snippet":"max-snippet:-1","max-image-preview":"max-image-preview:large","max-video-preview":"max-video-preview:-1"},"canonical":"https:\/\/orlandobackup.univistainsurance.com\/privacy\/","og_locale":"es_ES","og_type":"article","og_title":"Pol\u00edtica de Privacidad | UniVista Insurance Orlando","og_description":"Visite nuestro sitio web y encuentre algunos de nuestros documentos legales, incluidos los t\u00e9rminos y condiciones, pol\u00edtica de privacidad y m\u00e1s.","og_url":"https:\/\/orlandobackup.univistainsurance.com\/privacy\/","og_site_name":"UniVista Insurance Orlando","article_publisher":"https:\/\/www.facebook.com\/UnivistaInsuranceOfficialPage\/","article_modified_time":"2021-01-18T20:22:41+00:00","twitter_card":"summary_large_image","twitter_site":"@UnivistaIns","twitter_misc":{"Est. reading time":"15 minutes"},"schema":{"@context":"https:\/\/schema.org","@graph":[{"@type":"WebPage","@id":"https:\/\/orlandobackup.univistainsurance.com\/privacy\/","url":"https:\/\/orlandobackup.univistainsurance.com\/privacy\/","name":"Pol\u00edtica de Privacidad | UniVista Insurance Orlando","isPartOf":{"@id":"https:\/\/orlandobackup.univistainsurance.com\/#website"},"datePublished":"2020-05-08T14:01:48+00:00","dateModified":"2021-01-18T20:22:41+00:00","description":"Click here to visit our website and find some of our legal documents, including terms and conditions, privacy policy, and more.","breadcrumb":{"@id":"https:\/\/orlandobackup.univistainsurance.com\/privacy\/#breadcrumb"},"inLanguage":"es-ES","potentialAction":[{"@type":"ReadAction","target":["https:\/\/orlandobackup.univistainsurance.com\/privacy\/"]}]},{"@type":"BreadcrumbList","@id":"https:\/\/orlandobackup.univistainsurance.com\/privacy\/#breadcrumb","itemListElement":[{"@type":"ListItem","position":1,"name":"Home","item":"https:\/\/orlandobackup.univistainsurance.com\/"},{"@type":"ListItem","position":2,"name":"Privacy Policy"}]},{"@type":"WebSite","@id":"https:\/\/orlandobackup.univistainsurance.com\/#website","url":"https:\/\/orlandobackup.univistainsurance.com\/","name":"UniVista Insurance Orlando","description":"UniVista Insurance Orlando","publisher":{"@id":"https:\/\/orlandobackup.univistainsurance.com\/#organization"},"potentialAction":[{"@type":"SearchAction","target":{"@type":"EntryPoint","urlTemplate":"https:\/\/orlandobackup.univistainsurance.com\/?s={search_term_string}"},"query-input":{"@type":"PropertyValueSpecification","valueRequired":true,"valueName":"search_term_string"}}],"inLanguage":"es-ES"},{"@type":"Organization","@id":"https:\/\/orlandobackup.univistainsurance.com\/#organization","name":"Univista Insurance","url":"https:\/\/orlandobackup.univistainsurance.com\/","logo":{"@type":"ImageObject","inLanguage":"es-ES","@id":"https:\/\/orlandobackup.univistainsurance.com\/#\/schema\/logo\/image\/","url":"https:\/\/orlandobackup.univistainsurance.com\/wp-content\/uploads\/2019\/08\/logo-univista.png","contentUrl":"https:\/\/orlandobackup.univistainsurance.com\/wp-content\/uploads\/2019\/08\/logo-univista.png","width":190,"height":50,"caption":"Univista Insurance"},"image":{"@id":"https:\/\/orlandobackup.univistainsurance.com\/#\/schema\/logo\/image\/"},"sameAs":["https:\/\/www.facebook.com\/UnivistaInsuranceOfficialPage\/","https:\/\/x.com\/UnivistaIns","https:\/\/www.instagram.com\/univista.insurance\/","https:\/\/www.linkedin.com\/company\/univista-insurance","https:\/\/www.youtube.com\/univistainsuranceforall"]}]}},"_links":{"self":[{"href":"https:\/\/orlandobackup.univistainsurance.com\/es\/wp-json\/wp\/v2\/pages\/2814","targetHints":{"allow":["GET"]}}],"collection":[{"href":"https:\/\/orlandobackup.univistainsurance.com\/es\/wp-json\/wp\/v2\/pages"}],"about":[{"href":"https:\/\/orlandobackup.univistainsurance.com\/es\/wp-json\/wp\/v2\/types\/page"}],"author":[{"embeddable":true,"href":"https:\/\/orlandobackup.univistainsurance.com\/es\/wp-json\/wp\/v2\/users\/2"}],"replies":[{"embeddable":true,"href":"https:\/\/orlandobackup.univistainsurance.com\/es\/wp-json\/wp\/v2\/comments?post=2814"}],"version-history":[{"count":67,"href":"https:\/\/orlandobackup.univistainsurance.com\/es\/wp-json\/wp\/v2\/pages\/2814\/revisions"}],"predecessor-version":[{"id":7086,"href":"https:\/\/orlandobackup.univistainsurance.com\/es\/wp-json\/wp\/v2\/pages\/2814\/revisions\/7086"}],"wp:attachment":[{"href":"https:\/\/orlandobackup.univistainsurance.com\/es\/wp-json\/wp\/v2\/media?parent=2814"}],"curies":[{"name":"wp","href":"https:\/\/api.w.org\/{rel}","templated":true}]}}