{"id":424,"date":"2019-09-04T19:18:10","date_gmt":"2019-09-04T19:18:10","guid":{"rendered":"http:\/\/xk000569.ferozo.com\/univista\/?page_id=424"},"modified":"2021-03-15T13:43:11","modified_gmt":"2021-03-15T13:43:11","slug":"about-us","status":"publish","type":"page","link":"https:\/\/orlandobackup.univistainsurance.com\/es\/acerca-nosotros\/","title":{"rendered":"Acerca Nosotros"},"content":{"rendered":"<section class=\"wpb-content-wrapper\">[vc_row fullwidth=&#8221;true&#8221; visibility=&#8221;visible-sm&#8221; css=&#8221;.vc_custom_1571685811393{background: #ffffff url(\/wp-content\/uploads\/2019\/10\/back-call-1.png?id=1351) !important;background-position: center !important;background-repeat: no-repeat !important;background-size: cover !important;}&#8221; el_class=&#8221;sticky&#8221;][vc_column css=&#8221;.vc_custom_1570797804053{padding-top: 20px !important;}&#8221;][vc_column_text disable_pattern=&#8221;false&#8221; css=&#8221;.vc_custom_1603480236859{margin-bottom: 0px !important;}&#8221;]\n<h4><a href=\"tel:4075693239\"><b>Llame al <\/b>(407) 569-3239<\/a><\/h4>\n[\/vc_column_text][\/vc_column][\/vc_row][vc_row fullwidth=&#8221;true&#8221; fullwidth_content=&#8221;false&#8221; visibility=&#8221;visible-sm&#8221; css=&#8221;.vc_custom_1574687664684{margin-top: 0px !important;margin-right: 0px !important;margin-left: 0px !important;border-top-width: 0px !important;border-right-width: 0px !important;border-bottom-width: 0px !important;border-left-width: 0px !important;padding-top: 0px !important;padding-right: 20px !important;padding-bottom: 10px !important;padding-left: 20px !important;background-color: #e6e6e6 !important;}&#8221; el_class=&#8221;sticky-toolbar&#8221;][vc_column][vc_widget_sidebar sidebar_id=&#8221;sidebar-17&#8243; el_class=&#8221;widget-top&#8221;][\/vc_column][\/vc_row][vc_row fullwidth=&#8221;true&#8221; fullwidth_content=&#8221;false&#8221; css=&#8221;.vc_custom_1567693407455{padding-top: 0px !important;padding-bottom: 0px !important;}&#8221;][vc_column][mk_image src=&#8221;http:\/\/temp.univistainsuranceorlando.com\/wp-content\/uploads\/2020\/11\/aboutus.jpg&#8221; image_size=&#8221;full&#8221; align=&#8221;center&#8221; margin_bottom=&#8221;0&#8243;][\/vc_column][\/vc_row][vc_row fullwidth=&#8221;true&#8221; fullwidth_content=&#8221;false&#8221; css=&#8221;.vc_custom_1567801352362{padding-bottom: 30px !important;background-color: #e6e6e6 !important;}&#8221;][vc_column width=&#8221;1\/3&#8243; css=&#8221;.vc_custom_1566682441090{padding-top: 40px !important;}&#8221;][mk_fancy_title color=&#8221;#000000&#8243; size=&#8221;24&#8243; font_weight=&#8221;300&#8243; margin_bottom=&#8221;0&#8243; font_family=&#8221;none&#8221;]\u00a1Obtenga una cotizaci\u00f3n Gratis![\/mk_fancy_title][vc_column_text css=&#8221;.vc_custom_1604077966678{margin-bottom: 0px !important;}&#8221;]\n<p class=\"p1\">Obtenga una cotizaci\u00f3n de seguro asequible. Ofreciendo el mejor seguro a precios incre\u00edbles.<\/p>\n[\/vc_column_text][\/vc_column][vc_column width=&#8221;1\/3&#8243; css=&#8221;.vc_custom_1568047812361{padding-top: 20px !important;}&#8221;]\n<div class=\"wpcf7 no-js\" id=\"wpcf7-f2270-o1\" lang=\"en-US\" dir=\"ltr\" data-wpcf7-id=\"2270\">\n<div class=\"screen-reader-response\"><p role=\"status\" aria-live=\"polite\" aria-atomic=\"true\"><\/p> <ul><\/ul><\/div>\n<form action=\"\/es\/wp-json\/wp\/v2\/pages\/424#wpcf7-f2270-o1\" method=\"post\" class=\"wpcf7-form init\" aria-label=\"Contact form\" novalidate=\"novalidate\" data-status=\"init\">\n<div style=\"display: none;\">\n<input type=\"hidden\" name=\"_wpcf7\" value=\"2270\" \/>\n<input type=\"hidden\" name=\"_wpcf7_version\" value=\"6.0.6\" \/>\n<input type=\"hidden\" name=\"_wpcf7_locale\" value=\"en_US\" \/>\n<input type=\"hidden\" name=\"_wpcf7_unit_tag\" value=\"wpcf7-f2270-o1\" \/>\n<input type=\"hidden\" name=\"_wpcf7_container_post\" value=\"0\" \/>\n<input type=\"hidden\" name=\"_wpcf7_posted_data_hash\" value=\"\" \/>\n<\/div>\n<p><label> <span class=\"wpcf7-form-control-wrap\" data-name=\"fullname\"><input size=\"40\" maxlength=\"400\" class=\"wpcf7-form-control wpcf7-text wpcf7-validates-as-required\" aria-required=\"true\" aria-invalid=\"false\" placeholder=\"Nombre Completo*\" value=\"\" type=\"text\" name=\"fullname\" \/><\/span> <\/label><br \/>\n<label> <span class=\"wpcf7-form-control-wrap\" data-name=\"phone\"><input size=\"40\" maxlength=\"400\" class=\"wpcf7-form-control wpcf7-tel wpcf7-text wpcf7-validates-as-tel\" aria-invalid=\"false\" placeholder=\"Telefono*\" value=\"\" type=\"tel\" name=\"phone\" \/><\/span> <\/label><br \/>\n<label> <span class=\"wpcf7-form-control-wrap\" data-name=\"email\"><input size=\"40\" maxlength=\"400\" class=\"wpcf7-form-control wpcf7-email wpcf7-validates-as-required wpcf7-text wpcf7-validates-as-email\" aria-required=\"true\" aria-invalid=\"false\" placeholder=\"Email*\" value=\"\" type=\"email\" name=\"email\" \/><\/span> <\/label>\n<\/p>\n<p><input type=\"submit\" value=\"Enviar\" class=\"wpcf7-form-control wpcf7-submit\" style=\"background-color: #ff100e;\" \/>\n<\/p><input type=\"hidden\" id=\"ct_checkjs_cf7_274ad4786c3abca69fa097b85867d9a4\" name=\"ct_checkjs_cf7\" value=\"0\" \/><script >setTimeout(function(){var ct_input_name = \"ct_checkjs_cf7_274ad4786c3abca69fa097b85867d9a4\";if (document.getElementById(ct_input_name) !== null) {var ct_input_value = document.getElementById(ct_input_name).value;document.getElementById(ct_input_name).value = document.getElementById(ct_input_name).value.replace(ct_input_value, '546ce2e0a0afc340d7532221ed3a513a74fd09acc5ccd9b2ecf5bd66b1b792d0');}}, 1000);<\/script><label class=\"apbct_special_field\" id=\"apbct_label_id23576\" for=\"apbct__email_id__wp_contact_form_7_23576\">23576<\/label><input \n        id=\"apbct__email_id__wp_contact_form_7_23576\" \n        class=\"apbct_special_field apbct__email_id__wp_contact_form_7\"\n        autocomplete=\"off\" \n        name=\"apbct__email_id__wp_contact_form_7_23576\"  \n        type=\"text\" \n        value=\"23576\" \n        size=\"30\" \n        apbct_event_id=\"23576\"\n        maxlength=\"200\" \n    \/><input \n        id=\"apbct_event_id_wp_contact_form_7_23576\"\n        class=\"apbct_special_field\"\n        name=\"apbct_event_id\"\n        type=\"hidden\" \n        value=\"23576\" \n            \/><div class=\"wpcf7-response-output\" aria-hidden=\"true\"><\/div>\n<\/form>\n<\/div>\n[\/vc_column][vc_column width=&#8221;1\/3&#8243; css=&#8221;.vc_custom_1566681960336{padding-top: 40px !important;}&#8221;][mk_fancy_title color=&#8221;#f01716&#8243; size=&#8221;16&#8243; font_weight=&#8221;500&#8243; margin_top=&#8221;20&#8243; font_family=&#8221;none&#8221; align=&#8221;center&#8221;]\n<p class=\"p1\">\u00a1Llama Ahora! <a href=\"tel:4075693239\">(407) 569-3239<\/a><\/p>\n[\/mk_fancy_title][\/vc_column][\/vc_row][vc_row equal_columns=&#8221;true&#8221; attached=&#8221;true&#8221; css=&#8221;.vc_custom_1567687578930{padding-top: 40px !important;}&#8221;][vc_column][mk_fancy_title color=&#8221;#1b4290&#8243; size=&#8221;24&#8243; font_weight=&#8221;300&#8243; margin_bottom=&#8221;0&#8243; font_family=&#8221;none&#8221;]\n<h1 style=\"text-align: center;\"><strong>UniVista Insurance en Orlando<\/strong><\/h1>\n<div id=\"gtx-trans\" style=\"position: absolute; left: 398px; top: -9.78819px;\">\n<div class=\"gtx-trans-icon\"><\/div>\n<\/div>\n[\/mk_fancy_title][vc_column_text disable_pattern=&#8221;false&#8221; css=&#8221;.vc_custom_1603741317427{margin-bottom: 0px !important;}&#8221;]\n<p class=\"p1\">Univista Insurance se especializa en brindar opciones de seguros asequibles para autom\u00f3viles, viviendas, propiedades comerciales, vida, salud y otros activos importantes que pueda poseer. Somos una compa\u00f1\u00eda de seguros de servicio completo, educamos a nuestros clientes para que tomen la decisi\u00f3n correcta en cuanto a sus propias necesidades de seguros brind\u00e1ndoles asesoramiento financiero, brindar una cobertura completa, ofrecer un servicio al cliente superior y las tarifas m\u00e1s bajas en la industria. Es esta actitud la que hace que UniVista Insurance se destaque como un l\u00edder dentro de la comunidad de seguros en Florida Central. En Univista Insurance nos esforzamos por construir relaciones duraderas y brindar el servicio al cliente m\u00e1s receptivo y personalizado.<\/p>\n<p class=\"p2\">Nuestra misi\u00f3n corporativa es proporcionar soluciones de seguros asequibles e innovadoras que permitan a los clientes prepararse y proteger su vida y la de sus seres queridos, al tiempo que fomentan la lealtad del cliente, el crecimiento profesional y una influencia positiva dentro de la comunidad.<\/p>\n<p class=\"p2\">UniVista Insurance se ha convertido en un l\u00edder confiable entre las agencias y compa\u00f1\u00edas de seguros de Florida al brindar protecci\u00f3n de calidad, un servicio al cliente superior y las tarifas de seguros m\u00e1s bajas de Florida. Nuestro \u00e9xito sin precedentes en toda Florida como l\u00edder dentro de la comunidad de seguros nos ha permitido expandirnos a California, brindando la mejor cobertura de seguros tanto en la costa oeste como en la costa este.<\/p>\n[\/vc_column_text][\/vc_column][\/vc_row][vc_row fullwidth=&#8221;true&#8221; fullwidth_content=&#8221;false&#8221; column_padding=&#8221;2&#8243; css=&#8221;.vc_custom_1570369867614{padding-top: 30px !important;padding-bottom: 20px !important;}&#8221;][vc_column][mk_fancy_title color=&#8221;#1b4290&#8243; size=&#8221;24&#8243; font_weight=&#8221;600&#8243; font_family=&#8221;none&#8221; align=&#8221;center&#8221;]\n<h3>UniVista Insurance &#8211; Ubicaciones en Florida Central<\/h3>\n[\/mk_fancy_title][\/vc_column][\/vc_row][vc_row fullwidth=&#8221;true&#8221; fullwidth_content=&#8221;false&#8221; css=&#8221;.vc_custom_1604336296976{margin-bottom: 40px !important;padding-left: 40px !important;}&#8221;][vc_column width=&#8221;1\/2&#8243;][vc_images_carousel images=&#8221;6652,6653,6654,6655&#8243; img_size=&#8221;medium&#8221; onclick=&#8221;link_no&#8221; autoplay=&#8221;yes&#8221; css=&#8221;.vc_custom_1604607395506{padding-top: 15px !important;padding-bottom: 15px !important;padding-left: 20px !important;}&#8221;][vc_column_text disable_pattern=&#8221;false&#8221; css=&#8221;.vc_custom_1603380692515{margin-bottom: 0px !important;}&#8221;]\n<h3>UNIVISTA \u2013 N. ORANGE BLOSSOM\u00a0TRAIL<\/h3>\n<p>2638 N. Orange Blossom Trail Kissimmee, FL, 34744<\/p>\n<p>Mail: <a href=\"mailto:obt@univistainsurance.com\">obt@univistainsurance.com<\/a><br \/>\nCall: <a href=\"tel:4079641727\">(407) 964-1727<\/a>[\/vc_column_text][\/vc_column][vc_column width=&#8221;1\/2&#8243;][vc_images_carousel images=&#8221;6670,6671,6672,6673&#8243; img_size=&#8221;medium&#8221; onclick=&#8221;link_no&#8221; autoplay=&#8221;yes&#8221; css=&#8221;.vc_custom_1604607426343{padding-top: 15px !important;padding-bottom: 15px !important;padding-left: 20px !important;}&#8221;][vc_column_text disable_pattern=&#8221;false&#8221; css=&#8221;.vc_custom_1603380914804{margin-bottom: 0px !important;}&#8221;]\n<h3>UNIVISTA \u2013 E. OSCEOLA PKWY<\/h3>\n<p>1922 E Osceola Pkwy, Buena Ventura Lakes, FL 34743<\/p>\n<p>Mail: <a href=\"mailto:osceola@univistainsurance.com\">osceola@univistainsurance.com<\/a><br \/>\nCall: <a href=\"tel:4079641717\">(407) 964-1717<\/a>[\/vc_column_text][\/vc_column][\/vc_row][vc_row][vc_column][vc_row_inner attached=&#8221;true&#8221; is_fullwidth_content=&#8221;false&#8221; css=&#8221;.vc_custom_1604336292014{padding-left: 40px !important;}&#8221;][vc_column_inner width=&#8221;1\/2&#8243;][vc_images_carousel images=&#8221;6664,6665,6666,6667,6668&#8243; img_size=&#8221;medium&#8221; onclick=&#8221;link_no&#8221; autoplay=&#8221;yes&#8221; css=&#8221;.vc_custom_1604607437323{padding-bottom: 15px !important;padding-left: 20px !important;}&#8221;][vc_column_text disable_pattern=&#8221;false&#8221; css=&#8221;.vc_custom_1604335192946{margin-bottom: 0px !important;}&#8221;]\n<h3 style=\"text-align: left;\">UNIVISTA \u2013 S. ORANGE TRAIL<\/h3>\n<p style=\"text-align: left;\">9350 S Orange Blossom Trail #18 Orlando, FL, 32837<\/p>\n<p style=\"text-align: left;\">Mail: <a href=\"mailto:orange@univistainsurance.com\">orange@univistainsurance.com<\/a><br \/>\nCall: <a href=\"tel:4079641757\">(407) 964-1757<\/a><\/p>\n[\/vc_column_text][\/vc_column_inner][vc_column_inner width=&#8221;1\/2&#8243;][vc_images_carousel images=&#8221;6658,6659,6660,6661,6662&#8243; img_size=&#8221;medium&#8221; onclick=&#8221;link_no&#8221; autoplay=&#8221;yes&#8221; css=&#8221;.vc_custom_1604607453427{padding-bottom: 15px !important;padding-left: 20px !important;}&#8221;][vc_column_text disable_pattern=&#8221;false&#8221; align=&#8221;right&#8221; css=&#8221;.vc_custom_1603380460560{margin-bottom: 0px !important;}&#8221;]\n<h3 style=\"text-align: left;\">UNIVISTA \u2013 S. SEMORAN BLVD.<\/h3>\n<p style=\"text-align: left;\">637 S Semoran Blvd G Orlando, FL, 32807<\/p>\n<p style=\"text-align: left;\">Mail: <a href=\"mailto:semoran@univistainsurance.com\">semoran@univistainsurance.com<\/a><br \/>\nCall: <a href=\"tel:4079641737\">(407) 964-1737<\/a><\/p>\n<div id=\"gtx-trans\" style=\"position: absolute; left: -14px; top: -6.28125px;\">\n<div class=\"gtx-trans-icon\"><\/div>\n<\/div>\n[\/vc_column_text][\/vc_column_inner][\/vc_row_inner][vc_row_inner attached=&#8221;true&#8221; is_fullwidth_content=&#8221;false&#8221; css=&#8221;.vc_custom_1604336292014{padding-left: 40px !important;}&#8221;][vc_column_inner width=&#8221;1\/2&#8243;][vc_images_carousel images=&#8221;6670,6666,6654&#8243; img_size=&#8221;medium&#8221; onclick=&#8221;link_no&#8221; autoplay=&#8221;yes&#8221; css=&#8221;.vc_custom_1608566319825{padding-bottom: 15px !important;padding-left: 20px !important;}&#8221;][vc_column_text disable_pattern=&#8221;false&#8221; css=&#8221;.vc_custom_1608566433931{margin-bottom: 0px !important;}&#8221;]\n<h3 style=\"text-align: left;\">UNIVISTA \u2013 COLONIAL DRIVE<\/h3>\n<p style=\"text-align: left;\">7217 E Colonial Dr Suite 112 Orlando Fl 32807<\/p>\n<p style=\"text-align: left;\">Mail: <a href=\"mailto:colonial@univistainsurance.com\">colonial@univistainsurance.com<\/a><br \/>\nCall: <a href=\"tel:4079641777\">(407) 964-1777<\/a><\/p>\n[\/vc_column_text][\/vc_column_inner][vc_column_inner width=&#8221;1\/2&#8243;][\/vc_column_inner][\/vc_row_inner][\/vc_column][\/vc_row][vc_row fullwidth=&#8221;true&#8221; fullwidth_content=&#8221;false&#8221; column_padding=&#8221;2&#8243; css=&#8221;.vc_custom_1568918769809{padding-top: 40px !important;padding-bottom: 0px !important;background-color: #203682 !important;}&#8221;][vc_column][mk_fancy_title color=&#8221;#ffffff&#8221; size=&#8221;24&#8243; font_family=&#8221;none&#8221; align=&#8221;center&#8221;]\u00a1Obtenga la informaci\u00f3n que necesita para elegir la cobertura adecuada para usted! \u00a1Hable hoy con un agente de seguros de Univista! \u00a1Llama ahora! <span style=\"color: #ff0000;\"><a style=\"color: #ff0000;\" href=\"tel:4075693239\">(407) 569-3239<\/a><\/span>[\/mk_fancy_title][\/vc_column][\/vc_row][vc_row fullwidth=&#8221;true&#8221; fullwidth_content=&#8221;false&#8221; css=&#8221;.vc_custom_1566683136240{padding-top: 40px !important;padding-bottom: 40px !important;background-image: url(\/wp-content\/uploads\/2019\/08\/back-home.png?id=4) !important;}&#8221;][vc_column][mk_fancy_title color=&#8221;#1b4290&#8243; size=&#8221;24&#8243; font_family=&#8221;none&#8221; align=&#8221;center&#8221;]\n<h4>\u00bfQu\u00e9 tipo (s) de seguro (s) necesita?<\/h4>\n[\/mk_fancy_title][mk_animated_columns column_height=&#8221;300&#8243; column_number=&#8221;5&#8243; order=&#8221;ASC&#8221; bg_hover_color=&#8221;#1b4290&#8243; icon_size=&#8221;128&#8243; txt_color=&#8221;#ffffff&#8221; txt_hover_color=&#8221;#ffffff&#8221; columns=&#8221;51, 58, 60, 62, 64&#8243;][\/vc_column][\/vc_row]\n<\/section>","protected":false},"excerpt":{"rendered":"<p>[vc_row fullwidth=&#8221;true&#8221; visibility=&#8221;visible-sm&#8221; css=&#8221;.vc_custom_1571685811393{background: #ffffff url(\/wp-content\/uploads\/2019\/10\/back-call-1.png?id=1351) !important;background-position: center !important;background-repeat: no-repeat !important;background-size: cover !important;}&#8221; el_class=&#8221;sticky&#8221;][vc_column css=&#8221;.vc_custom_1570797804053{padding-top: 20px !important;}&#8221;][vc_column_text disable_pattern=&#8221;false&#8221; css=&#8221;.vc_custom_1603480236859{margin-bottom: 0px !important;}&#8221;] Llame al (407) 569-3239 [\/vc_column_text][\/vc_column][\/vc_row][vc_row fullwidth=&#8221;true&#8221; fullwidth_content=&#8221;false&#8221; visibility=&#8221;visible-sm&#8221; css=&#8221;.vc_custom_1574687664684{margin-top: 0px !important;margin-right: 0px !important;margin-left: 0px !important;border-top-width: 0px !important;border-right-width: 0px !important;border-bottom-width: 0px !important;border-left-width: 0px !important;padding-top: 0px !important;padding-right: 20px !important;padding-bottom: 10px !important;padding-left: 20px !important;background-color: #e6e6e6 !important;}&#8221; el_class=&#8221;sticky-toolbar&#8221;][vc_column][vc_widget_sidebar [&hellip;]<\/p>\n","protected":false},"author":2,"featured_media":0,"parent":0,"menu_order":0,"comment_status":"closed","ping_status":"closed","template":"","meta":{"footnotes":""},"class_list":["post-424","page","type-page","status-publish","hentry"],"translation":{"provider":"WPGlobus","version":"2.12.2","language":"es","enabled_languages":["en","es"],"languages":{"en":{"title":true,"content":true,"excerpt":false},"es":{"title":true,"content":true,"excerpt":false}}},"yoast_head":"<!-- This site is optimized with the Yoast SEO Premium plugin v18.1 (Yoast SEO v26.9) - https:\/\/yoast.com\/product\/yoast-seo-premium-wordpress\/ -->\n<title>Acerca Nosotros | UniVista Insurance Orlando<\/title>\n<meta name=\"description\" content=\"Conozca m\u00e1s acerca de Univista Insurance, historia, liderazgo, valores fundamentales y por qu\u00e9 somos la agencia de mayor crecimiento en el Sur de Florida.\" \/>\n<meta name=\"robots\" content=\"index, follow, max-snippet:-1, max-image-preview:large, max-video-preview:-1\" \/>\n<link rel=\"canonical\" href=\"https:\/\/orlandobackup.univistainsurance.com\/about-us\/\" \/>\n<meta property=\"og:locale\" content=\"es_ES\" \/>\n<meta property=\"og:type\" content=\"article\" \/>\n<meta property=\"og:title\" content=\"Acerca Nosotros | UniVista Insurance Orlando\" \/>\n<meta property=\"og:description\" content=\"Conozca m\u00e1s acerca de Univista Insurance, historia, liderazgo, valores fundamentales y por qu\u00e9 somos la agencia de mayor crecimiento en el Sur de Florida.\" \/>\n<meta property=\"og:url\" content=\"https:\/\/orlandobackup.univistainsurance.com\/about-us\/\" \/>\n<meta property=\"og:site_name\" content=\"UniVista Insurance Orlando\" \/>\n<meta property=\"article:publisher\" content=\"https:\/\/www.facebook.com\/UnivistaInsuranceOfficialPage\/\" \/>\n<meta property=\"article:modified_time\" content=\"2021-03-15T13:43:11+00:00\" \/>\n<meta name=\"twitter:card\" content=\"summary_large_image\" \/>\n<meta name=\"twitter:site\" content=\"@UnivistaIns\" \/>\n<meta name=\"twitter:label1\" content=\"Est. reading time\" \/>\n\t<meta name=\"twitter:data1\" content=\"11 minutes\" \/>\n<script type=\"application\/ld+json\" class=\"yoast-schema-graph\">{\"@context\":\"https:\/\/schema.org\",\"@graph\":[{\"@type\":\"WebPage\",\"@id\":\"https:\/\/orlandobackup.univistainsurance.com\/about-us\/\",\"url\":\"https:\/\/orlandobackup.univistainsurance.com\/about-us\/\",\"name\":\"Acerca Nosotros | UniVista Insurance Orlando\",\"isPartOf\":{\"@id\":\"https:\/\/orlandobackup.univistainsurance.com\/#website\"},\"datePublished\":\"2019-09-04T19:18:10+00:00\",\"dateModified\":\"2021-03-15T13:43:11+00:00\",\"description\":\"Conozca m\u00e1s acerca de Univista Insurance, historia, liderazgo, valores fundamentales y por qu\u00e9 somos la agencia de mayor crecimiento en el Sur de Florida.\",\"breadcrumb\":{\"@id\":\"https:\/\/orlandobackup.univistainsurance.com\/about-us\/#breadcrumb\"},\"inLanguage\":\"es-ES\",\"potentialAction\":[{\"@type\":\"ReadAction\",\"target\":[\"https:\/\/orlandobackup.univistainsurance.com\/about-us\/\"]}]},{\"@type\":\"BreadcrumbList\",\"@id\":\"https:\/\/orlandobackup.univistainsurance.com\/about-us\/#breadcrumb\",\"itemListElement\":[{\"@type\":\"ListItem\",\"position\":1,\"name\":\"Home\",\"item\":\"https:\/\/orlandobackup.univistainsurance.com\/\"},{\"@type\":\"ListItem\",\"position\":2,\"name\":\"About Us\"}]},{\"@type\":\"WebSite\",\"@id\":\"https:\/\/orlandobackup.univistainsurance.com\/#website\",\"url\":\"https:\/\/orlandobackup.univistainsurance.com\/\",\"name\":\"UniVista Insurance Orlando\",\"description\":\"UniVista Insurance Orlando\",\"publisher\":{\"@id\":\"https:\/\/orlandobackup.univistainsurance.com\/#organization\"},\"potentialAction\":[{\"@type\":\"SearchAction\",\"target\":{\"@type\":\"EntryPoint\",\"urlTemplate\":\"https:\/\/orlandobackup.univistainsurance.com\/?s={search_term_string}\"},\"query-input\":{\"@type\":\"PropertyValueSpecification\",\"valueRequired\":true,\"valueName\":\"search_term_string\"}}],\"inLanguage\":\"es-ES\"},{\"@type\":\"Organization\",\"@id\":\"https:\/\/orlandobackup.univistainsurance.com\/#organization\",\"name\":\"Univista Insurance\",\"url\":\"https:\/\/orlandobackup.univistainsurance.com\/\",\"logo\":{\"@type\":\"ImageObject\",\"inLanguage\":\"es-ES\",\"@id\":\"https:\/\/orlandobackup.univistainsurance.com\/#\/schema\/logo\/image\/\",\"url\":\"https:\/\/orlandobackup.univistainsurance.com\/wp-content\/uploads\/2019\/08\/logo-univista.png\",\"contentUrl\":\"https:\/\/orlandobackup.univistainsurance.com\/wp-content\/uploads\/2019\/08\/logo-univista.png\",\"width\":190,\"height\":50,\"caption\":\"Univista Insurance\"},\"image\":{\"@id\":\"https:\/\/orlandobackup.univistainsurance.com\/#\/schema\/logo\/image\/\"},\"sameAs\":[\"https:\/\/www.facebook.com\/UnivistaInsuranceOfficialPage\/\",\"https:\/\/x.com\/UnivistaIns\",\"https:\/\/www.instagram.com\/univista.insurance\/\",\"https:\/\/www.linkedin.com\/company\/univista-insurance\",\"https:\/\/www.youtube.com\/univistainsuranceforall\"]}]}<\/script>\n<!-- \/ Yoast SEO Premium plugin. -->","yoast_head_json":{"title":"Acerca Nosotros | UniVista Insurance Orlando","description":"Conozca m\u00e1s acerca de Univista Insurance, historia, liderazgo, valores fundamentales y por qu\u00e9 somos la agencia de mayor crecimiento en el Sur de Florida.","robots":{"index":"index","follow":"follow","max-snippet":"max-snippet:-1","max-image-preview":"max-image-preview:large","max-video-preview":"max-video-preview:-1"},"canonical":"https:\/\/orlandobackup.univistainsurance.com\/about-us\/","og_locale":"es_ES","og_type":"article","og_title":"Acerca Nosotros | UniVista Insurance Orlando","og_description":"Conozca m\u00e1s acerca de Univista Insurance, historia, liderazgo, valores fundamentales y por qu\u00e9 somos la agencia de mayor crecimiento en el Sur de Florida.","og_url":"https:\/\/orlandobackup.univistainsurance.com\/about-us\/","og_site_name":"UniVista Insurance Orlando","article_publisher":"https:\/\/www.facebook.com\/UnivistaInsuranceOfficialPage\/","article_modified_time":"2021-03-15T13:43:11+00:00","twitter_card":"summary_large_image","twitter_site":"@UnivistaIns","twitter_misc":{"Est. reading time":"11 minutes"},"schema":{"@context":"https:\/\/schema.org","@graph":[{"@type":"WebPage","@id":"https:\/\/orlandobackup.univistainsurance.com\/about-us\/","url":"https:\/\/orlandobackup.univistainsurance.com\/about-us\/","name":"Acerca Nosotros | UniVista Insurance Orlando","isPartOf":{"@id":"https:\/\/orlandobackup.univistainsurance.com\/#website"},"datePublished":"2019-09-04T19:18:10+00:00","dateModified":"2021-03-15T13:43:11+00:00","description":"Conozca m\u00e1s acerca de Univista Insurance, historia, liderazgo, valores fundamentales y por qu\u00e9 somos la agencia de mayor crecimiento en el Sur de Florida.","breadcrumb":{"@id":"https:\/\/orlandobackup.univistainsurance.com\/about-us\/#breadcrumb"},"inLanguage":"es-ES","potentialAction":[{"@type":"ReadAction","target":["https:\/\/orlandobackup.univistainsurance.com\/about-us\/"]}]},{"@type":"BreadcrumbList","@id":"https:\/\/orlandobackup.univistainsurance.com\/about-us\/#breadcrumb","itemListElement":[{"@type":"ListItem","position":1,"name":"Home","item":"https:\/\/orlandobackup.univistainsurance.com\/"},{"@type":"ListItem","position":2,"name":"About Us"}]},{"@type":"WebSite","@id":"https:\/\/orlandobackup.univistainsurance.com\/#website","url":"https:\/\/orlandobackup.univistainsurance.com\/","name":"UniVista Insurance Orlando","description":"UniVista Insurance Orlando","publisher":{"@id":"https:\/\/orlandobackup.univistainsurance.com\/#organization"},"potentialAction":[{"@type":"SearchAction","target":{"@type":"EntryPoint","urlTemplate":"https:\/\/orlandobackup.univistainsurance.com\/?s={search_term_string}"},"query-input":{"@type":"PropertyValueSpecification","valueRequired":true,"valueName":"search_term_string"}}],"inLanguage":"es-ES"},{"@type":"Organization","@id":"https:\/\/orlandobackup.univistainsurance.com\/#organization","name":"Univista Insurance","url":"https:\/\/orlandobackup.univistainsurance.com\/","logo":{"@type":"ImageObject","inLanguage":"es-ES","@id":"https:\/\/orlandobackup.univistainsurance.com\/#\/schema\/logo\/image\/","url":"https:\/\/orlandobackup.univistainsurance.com\/wp-content\/uploads\/2019\/08\/logo-univista.png","contentUrl":"https:\/\/orlandobackup.univistainsurance.com\/wp-content\/uploads\/2019\/08\/logo-univista.png","width":190,"height":50,"caption":"Univista Insurance"},"image":{"@id":"https:\/\/orlandobackup.univistainsurance.com\/#\/schema\/logo\/image\/"},"sameAs":["https:\/\/www.facebook.com\/UnivistaInsuranceOfficialPage\/","https:\/\/x.com\/UnivistaIns","https:\/\/www.instagram.com\/univista.insurance\/","https:\/\/www.linkedin.com\/company\/univista-insurance","https:\/\/www.youtube.com\/univistainsuranceforall"]}]}},"_links":{"self":[{"href":"https:\/\/orlandobackup.univistainsurance.com\/es\/wp-json\/wp\/v2\/pages\/424","targetHints":{"allow":["GET"]}}],"collection":[{"href":"https:\/\/orlandobackup.univistainsurance.com\/es\/wp-json\/wp\/v2\/pages"}],"about":[{"href":"https:\/\/orlandobackup.univistainsurance.com\/es\/wp-json\/wp\/v2\/types\/page"}],"author":[{"embeddable":true,"href":"https:\/\/orlandobackup.univistainsurance.com\/es\/wp-json\/wp\/v2\/users\/2"}],"replies":[{"embeddable":true,"href":"https:\/\/orlandobackup.univistainsurance.com\/es\/wp-json\/wp\/v2\/comments?post=424"}],"version-history":[{"count":71,"href":"https:\/\/orlandobackup.univistainsurance.com\/es\/wp-json\/wp\/v2\/pages\/424\/revisions"}],"predecessor-version":[{"id":7095,"href":"https:\/\/orlandobackup.univistainsurance.com\/es\/wp-json\/wp\/v2\/pages\/424\/revisions\/7095"}],"wp:attachment":[{"href":"https:\/\/orlandobackup.univistainsurance.com\/es\/wp-json\/wp\/v2\/media?parent=424"}],"curies":[{"name":"wp","href":"https:\/\/api.w.org\/{rel}","templated":true}]}}