{"id":6693,"date":"2020-11-02T18:13:47","date_gmt":"2020-11-02T18:13:47","guid":{"rendered":"http:\/\/temp.univistainsuranceorlando.com\/?page_id=6693"},"modified":"2020-11-04T18:11:37","modified_gmt":"2020-11-04T18:11:37","slug":"mobile-app","status":"publish","type":"page","link":"https:\/\/orlandobackup.univistainsurance.com\/es\/aplicacion-movil\/","title":{"rendered":"Aplicaci\u00f3n M\u00f3vil"},"content":{"rendered":"<section class=\"wpb-content-wrapper\">[vc_row][vc_column][vc_single_image image=&#8221;5&#8243; img_size=&#8221;full&#8221; alignment=&#8221;center&#8221; css=&#8221;.vc_custom_1590609092288{padding-top: 25px !important;padding-bottom: 0px !important;}&#8221;][\/vc_column][\/vc_row][vc_row][vc_column][vc_column_text css=&#8221;.vc_custom_1604341990589{margin-bottom: 0px !important;}&#8221;]\n<h1 class=\"OnlineQuoteTitle\" style=\"text-align: center;\" tabindex=\"-1\"><strong>\u00a1Descarga Nuestra Aplicaci\u00f3n M\u00f3vil!<\/strong><\/h1>\n[\/vc_column_text][\/vc_column][\/vc_row][vc_row fullwidth=&#8221;true&#8221; fullwidth_content=&#8221;false&#8221; css=&#8221;.vc_custom_1604513432902{background-color: #ffffff !important;}&#8221;][vc_column width=&#8221;1\/2&#8243; css=&#8221;.vc_custom_1604505270408{padding-top: 40px !important;padding-right: 40px !important;padding-bottom: 20px !important;}&#8221;][vc_column_text align=&#8221;center&#8221; css=&#8221;.vc_custom_1604505119690{margin-bottom: 0px !important;}&#8221;]\n<p style=\"text-align: center;\"><a href=\"https:\/\/apps.apple.com\/app\/id1499350728\"><img decoding=\"async\" class=\"alignright\" src=\"\/wp-content\/uploads\/2020\/05\/apple-store.png\" \/><\/a><\/p>\n[\/vc_column_text][\/vc_column][vc_column visibility=&#8221;hidden-sm&#8221; width=&#8221;1\/2&#8243; css=&#8221;.vc_custom_1604505283016{padding-top: 40px !important;padding-bottom: 20px !important;padding-left: 40px !important;}&#8221;][vc_column_text css=&#8221;.vc_custom_1604505134113{margin-bottom: 0px !important;}&#8221;]<a href=\"https:\/\/play.google.com\/store\/apps\/details?id=com.univistainsurance.univista220\"><img decoding=\"async\" class=\"alignleft\" src=\"\/wp-content\/uploads\/2020\/05\/android-store.png\" \/><\/a>[\/vc_column_text][\/vc_column][\/vc_row][vc_row][vc_column][vc_separator][\/vc_column][\/vc_row][vc_row][vc_column width=&#8221;1\/2&#8243;][vc_column_text css=&#8221;.vc_custom_1604342065071{margin-bottom: 0px !important;}&#8221;]\n<h1 class=\"text-red text-align: center\">ENCUENTRE UN AGENTE<\/h1>\n<p class=\"p1\">La aplicaci\u00f3n Univista facilita la compra de seguros. Puede hablar con un agente cercano o hacer que uno se comunique con usted seg\u00fan sus necesidades de seguro y ubicaci\u00f3n. Hacemos que comprar un seguro sea f\u00e1cil, no solo ofrecemos la tarifa m\u00e1s baja, sino que tambi\u00e9n acudiremos a usted. Pru\u00e9benos, estamos a solo un toque de distancia.<\/p>\n[\/vc_column_text][\/vc_column][vc_column width=&#8221;1\/2&#8243;][vc_single_image image=&#8221;6696&#8243; img_size=&#8221;large&#8221;][\/vc_column][\/vc_row][vc_row][vc_column][vc_separator][\/vc_column][\/vc_row][vc_row][vc_column width=&#8221;1\/2&#8243;][vc_single_image image=&#8221;6697&#8243; img_size=&#8221;large&#8221;][\/vc_column][vc_column width=&#8221;1\/2&#8243;][vc_column_text css=&#8221;.vc_custom_1604342139583{margin-bottom: 0px !important;}&#8221;]\n<h1 class=\"text-red text-align: center\">OBTENGA UNA COTIZACI\u00d3N GRATIS<\/h1>\n<p class=\"p1\">Puede enviarnos, a trav\u00e9s del formulario de la aplicaci\u00f3n Univista, su informaci\u00f3n de contacto y un agente autorizado se comunicar\u00e1 con usted en cuesti\u00f3n de minutos. Por favor, tenga en cuenta que todas nuestras cotizaciones son gratuitas.<\/p>\n[\/vc_column_text][\/vc_column][\/vc_row][vc_row fullwidth=&#8221;true&#8221;][vc_column css=&#8221;.vc_custom_1584122848078{background-color: #203682 !important;}&#8221;][mk_custom_box][vc_column_text css=&#8221;.vc_custom_1603372841011{margin-bottom: 0px !important;background-color: #203682 !important;}&#8221;]\n<p class=\"lead\" style=\"text-align: center;\"><span style=\"color: #ffffff; font-size: 20px;\">UniVista Insurance<\/span><br \/>\n<span style=\"color: #a7b8c7; font-size: 18px;\">\u00a1Ofrecemos las Mejores Coberturas al Mejor Precio!<\/span><\/p>\n[\/vc_column_text][\/mk_custom_box][\/vc_column][\/vc_row]\n<\/section>","protected":false},"excerpt":{"rendered":"<p>[vc_row][vc_column][vc_single_image image=&#8221;5&#8243; img_size=&#8221;full&#8221; alignment=&#8221;center&#8221; css=&#8221;.vc_custom_1590609092288{padding-top: 25px !important;padding-bottom: 0px !important;}&#8221;][\/vc_column][\/vc_row][vc_row][vc_column][vc_column_text css=&#8221;.vc_custom_1604341990589{margin-bottom: 0px !important;}&#8221;] \u00a1Descarga Nuestra Aplicaci\u00f3n M\u00f3vil! [\/vc_column_text][\/vc_column][\/vc_row][vc_row fullwidth=&#8221;true&#8221; fullwidth_content=&#8221;false&#8221; css=&#8221;.vc_custom_1604513432902{background-color: #ffffff !important;}&#8221;][vc_column width=&#8221;1\/2&#8243; css=&#8221;.vc_custom_1604505270408{padding-top: 40px !important;padding-right: 40px !important;padding-bottom: 20px !important;}&#8221;][vc_column_text align=&#8221;center&#8221; css=&#8221;.vc_custom_1604505119690{margin-bottom: 0px !important;}&#8221;] [\/vc_column_text][\/vc_column][vc_column visibility=&#8221;hidden-sm&#8221; width=&#8221;1\/2&#8243; css=&#8221;.vc_custom_1604505283016{padding-top: 40px !important;padding-bottom: 20px !important;padding-left: 40px !important;}&#8221;][vc_column_text css=&#8221;.vc_custom_1604505134113{margin-bottom: 0px !important;}&#8221;][\/vc_column_text][\/vc_column][\/vc_row][vc_row][vc_column][vc_separator][\/vc_column][\/vc_row][vc_row][vc_column width=&#8221;1\/2&#8243;][vc_column_text css=&#8221;.vc_custom_1604342065071{margin-bottom: 0px !important;}&#8221;] ENCUENTRE UN AGENTE La [&hellip;]<\/p>\n","protected":false},"author":2,"featured_media":0,"parent":0,"menu_order":0,"comment_status":"closed","ping_status":"closed","template":"","meta":{"footnotes":""},"class_list":["post-6693","page","type-page","status-publish","hentry"],"translation":{"provider":"WPGlobus","version":"2.12.2","language":"es","enabled_languages":["en","es"],"languages":{"en":{"title":true,"content":true,"excerpt":false},"es":{"title":true,"content":true,"excerpt":false}}},"yoast_head":"<!-- This site is optimized with the Yoast SEO Premium plugin v18.1 (Yoast SEO v26.9) - https:\/\/yoast.com\/product\/yoast-seo-premium-wordpress\/ -->\n<title>Aplicaci\u00f3n M\u00f3vil | UniVista Insurance Orlando<\/title>\n<meta name=\"robots\" content=\"noindex, follow\" \/>\n<meta property=\"og:locale\" content=\"es_ES\" \/>\n<meta property=\"og:type\" content=\"article\" \/>\n<meta property=\"og:title\" content=\"Aplicaci\u00f3n M\u00f3vil | UniVista Insurance Orlando\" \/>\n<meta property=\"og:url\" content=\"https:\/\/orlandobackup.univistainsurance.com\/mobile-app\/\" \/>\n<meta property=\"og:site_name\" content=\"UniVista Insurance Orlando\" \/>\n<meta property=\"article:publisher\" content=\"https:\/\/www.facebook.com\/UnivistaInsuranceOfficialPage\/\" \/>\n<meta property=\"article:modified_time\" content=\"2020-11-04T18:11:37+00:00\" \/>\n<meta property=\"og:image\" content=\"https:\/\/orlandobackup.univistainsurance.com\/wp-content\/uploads\/2020\/05\/apple-store.png\" \/>\n<meta name=\"twitter:card\" content=\"summary_large_image\" \/>\n<meta name=\"twitter:site\" content=\"@UnivistaIns\" \/>\n<meta name=\"twitter:label1\" content=\"Est. reading time\" \/>\n\t<meta name=\"twitter:data1\" content=\"4 minutes\" \/>\n<script type=\"application\/ld+json\" class=\"yoast-schema-graph\">{\"@context\":\"https:\/\/schema.org\",\"@graph\":[{\"@type\":\"WebPage\",\"@id\":\"https:\/\/orlandobackup.univistainsurance.com\/mobile-app\/\",\"url\":\"https:\/\/orlandobackup.univistainsurance.com\/mobile-app\/\",\"name\":\"Aplicaci\u00f3n M\u00f3vil | UniVista Insurance Orlando\",\"isPartOf\":{\"@id\":\"https:\/\/orlandobackup.univistainsurance.com\/#website\"},\"datePublished\":\"2020-11-02T18:13:47+00:00\",\"dateModified\":\"2020-11-04T18:11:37+00:00\",\"description\":\"Our agents are ready to provide you with the best guidance and help you choose the right coverage for all your needs and help you save money.\",\"breadcrumb\":{\"@id\":\"https:\/\/orlandobackup.univistainsurance.com\/mobile-app\/#breadcrumb\"},\"inLanguage\":\"es-ES\",\"potentialAction\":[{\"@type\":\"ReadAction\",\"target\":[\"https:\/\/orlandobackup.univistainsurance.com\/mobile-app\/\"]}]},{\"@type\":\"BreadcrumbList\",\"@id\":\"https:\/\/orlandobackup.univistainsurance.com\/mobile-app\/#breadcrumb\",\"itemListElement\":[{\"@type\":\"ListItem\",\"position\":1,\"name\":\"Home\",\"item\":\"https:\/\/orlandobackup.univistainsurance.com\/\"},{\"@type\":\"ListItem\",\"position\":2,\"name\":\"Mobile App\"}]},{\"@type\":\"WebSite\",\"@id\":\"https:\/\/orlandobackup.univistainsurance.com\/#website\",\"url\":\"https:\/\/orlandobackup.univistainsurance.com\/\",\"name\":\"UniVista Insurance Orlando\",\"description\":\"UniVista Insurance Orlando\",\"publisher\":{\"@id\":\"https:\/\/orlandobackup.univistainsurance.com\/#organization\"},\"potentialAction\":[{\"@type\":\"SearchAction\",\"target\":{\"@type\":\"EntryPoint\",\"urlTemplate\":\"https:\/\/orlandobackup.univistainsurance.com\/?s={search_term_string}\"},\"query-input\":{\"@type\":\"PropertyValueSpecification\",\"valueRequired\":true,\"valueName\":\"search_term_string\"}}],\"inLanguage\":\"es-ES\"},{\"@type\":\"Organization\",\"@id\":\"https:\/\/orlandobackup.univistainsurance.com\/#organization\",\"name\":\"Univista Insurance\",\"url\":\"https:\/\/orlandobackup.univistainsurance.com\/\",\"logo\":{\"@type\":\"ImageObject\",\"inLanguage\":\"es-ES\",\"@id\":\"https:\/\/orlandobackup.univistainsurance.com\/#\/schema\/logo\/image\/\",\"url\":\"https:\/\/orlandobackup.univistainsurance.com\/wp-content\/uploads\/2019\/08\/logo-univista.png\",\"contentUrl\":\"https:\/\/orlandobackup.univistainsurance.com\/wp-content\/uploads\/2019\/08\/logo-univista.png\",\"width\":190,\"height\":50,\"caption\":\"Univista Insurance\"},\"image\":{\"@id\":\"https:\/\/orlandobackup.univistainsurance.com\/#\/schema\/logo\/image\/\"},\"sameAs\":[\"https:\/\/www.facebook.com\/UnivistaInsuranceOfficialPage\/\",\"https:\/\/x.com\/UnivistaIns\",\"https:\/\/www.instagram.com\/univista.insurance\/\",\"https:\/\/www.linkedin.com\/company\/univista-insurance\",\"https:\/\/www.youtube.com\/univistainsuranceforall\"]}]}<\/script>\n<!-- \/ Yoast SEO Premium plugin. -->","yoast_head_json":{"title":"Aplicaci\u00f3n M\u00f3vil | UniVista Insurance Orlando","robots":{"index":"noindex","follow":"follow"},"og_locale":"es_ES","og_type":"article","og_title":"Aplicaci\u00f3n M\u00f3vil | UniVista Insurance Orlando","og_url":"https:\/\/orlandobackup.univistainsurance.com\/mobile-app\/","og_site_name":"UniVista Insurance Orlando","article_publisher":"https:\/\/www.facebook.com\/UnivistaInsuranceOfficialPage\/","article_modified_time":"2020-11-04T18:11:37+00:00","og_image":[{"url":"https:\/\/orlandobackup.univistainsurance.com\/wp-content\/uploads\/2020\/05\/apple-store.png","type":"","width":"","height":""}],"twitter_card":"summary_large_image","twitter_site":"@UnivistaIns","twitter_misc":{"Est. reading time":"4 minutes"},"schema":{"@context":"https:\/\/schema.org","@graph":[{"@type":"WebPage","@id":"https:\/\/orlandobackup.univistainsurance.com\/mobile-app\/","url":"https:\/\/orlandobackup.univistainsurance.com\/mobile-app\/","name":"Aplicaci\u00f3n M\u00f3vil | UniVista Insurance Orlando","isPartOf":{"@id":"https:\/\/orlandobackup.univistainsurance.com\/#website"},"datePublished":"2020-11-02T18:13:47+00:00","dateModified":"2020-11-04T18:11:37+00:00","description":"Our agents are ready to provide you with the best guidance and help you choose the right coverage for all your needs and help you save money.","breadcrumb":{"@id":"https:\/\/orlandobackup.univistainsurance.com\/mobile-app\/#breadcrumb"},"inLanguage":"es-ES","potentialAction":[{"@type":"ReadAction","target":["https:\/\/orlandobackup.univistainsurance.com\/mobile-app\/"]}]},{"@type":"BreadcrumbList","@id":"https:\/\/orlandobackup.univistainsurance.com\/mobile-app\/#breadcrumb","itemListElement":[{"@type":"ListItem","position":1,"name":"Home","item":"https:\/\/orlandobackup.univistainsurance.com\/"},{"@type":"ListItem","position":2,"name":"Mobile App"}]},{"@type":"WebSite","@id":"https:\/\/orlandobackup.univistainsurance.com\/#website","url":"https:\/\/orlandobackup.univistainsurance.com\/","name":"UniVista Insurance Orlando","description":"UniVista Insurance Orlando","publisher":{"@id":"https:\/\/orlandobackup.univistainsurance.com\/#organization"},"potentialAction":[{"@type":"SearchAction","target":{"@type":"EntryPoint","urlTemplate":"https:\/\/orlandobackup.univistainsurance.com\/?s={search_term_string}"},"query-input":{"@type":"PropertyValueSpecification","valueRequired":true,"valueName":"search_term_string"}}],"inLanguage":"es-ES"},{"@type":"Organization","@id":"https:\/\/orlandobackup.univistainsurance.com\/#organization","name":"Univista Insurance","url":"https:\/\/orlandobackup.univistainsurance.com\/","logo":{"@type":"ImageObject","inLanguage":"es-ES","@id":"https:\/\/orlandobackup.univistainsurance.com\/#\/schema\/logo\/image\/","url":"https:\/\/orlandobackup.univistainsurance.com\/wp-content\/uploads\/2019\/08\/logo-univista.png","contentUrl":"https:\/\/orlandobackup.univistainsurance.com\/wp-content\/uploads\/2019\/08\/logo-univista.png","width":190,"height":50,"caption":"Univista Insurance"},"image":{"@id":"https:\/\/orlandobackup.univistainsurance.com\/#\/schema\/logo\/image\/"},"sameAs":["https:\/\/www.facebook.com\/UnivistaInsuranceOfficialPage\/","https:\/\/x.com\/UnivistaIns","https:\/\/www.instagram.com\/univista.insurance\/","https:\/\/www.linkedin.com\/company\/univista-insurance","https:\/\/www.youtube.com\/univistainsuranceforall"]}]}},"_links":{"self":[{"href":"https:\/\/orlandobackup.univistainsurance.com\/es\/wp-json\/wp\/v2\/pages\/6693","targetHints":{"allow":["GET"]}}],"collection":[{"href":"https:\/\/orlandobackup.univistainsurance.com\/es\/wp-json\/wp\/v2\/pages"}],"about":[{"href":"https:\/\/orlandobackup.univistainsurance.com\/es\/wp-json\/wp\/v2\/types\/page"}],"author":[{"embeddable":true,"href":"https:\/\/orlandobackup.univistainsurance.com\/es\/wp-json\/wp\/v2\/users\/2"}],"replies":[{"embeddable":true,"href":"https:\/\/orlandobackup.univistainsurance.com\/es\/wp-json\/wp\/v2\/comments?post=6693"}],"version-history":[{"count":11,"href":"https:\/\/orlandobackup.univistainsurance.com\/es\/wp-json\/wp\/v2\/pages\/6693\/revisions"}],"predecessor-version":[{"id":6752,"href":"https:\/\/orlandobackup.univistainsurance.com\/es\/wp-json\/wp\/v2\/pages\/6693\/revisions\/6752"}],"wp:attachment":[{"href":"https:\/\/orlandobackup.univistainsurance.com\/es\/wp-json\/wp\/v2\/media?parent=6693"}],"curies":[{"name":"wp","href":"https:\/\/api.w.org\/{rel}","templated":true}]}}