{"id":6714,"date":"2020-11-03T18:35:20","date_gmt":"2020-11-03T18:35:20","guid":{"rendered":"http:\/\/temp.univistainsuranceorlando.com\/?page_id=6714"},"modified":"2020-12-31T14:51:04","modified_gmt":"2020-12-31T14:51:04","slug":"motorcycle-insurance","status":"publish","type":"page","link":"https:\/\/orlandobackup.univistainsurance.com\/es\/seguro-de-motocicleta\/","title":{"rendered":"Seguro de Motocicleta"},"content":{"rendered":"<section class=\"wpb-content-wrapper\">[vc_row fullwidth=&#8221;true&#8221; visibility=&#8221;visible-sm&#8221; css=&#8221;.vc_custom_1571685811393{background: #ffffff url(\/wp-content\/uploads\/2019\/10\/back-call-1.png?id=1351) !important;background-position: center !important;background-repeat: no-repeat !important;background-size: cover !important;}&#8221; el_class=&#8221;sticky&#8221;][vc_column css=&#8221;.vc_custom_1570797804053{padding-top: 20px !important;}&#8221;][vc_column_text disable_pattern=&#8221;false&#8221; css=&#8221;.vc_custom_1603728873705{margin-bottom: 0px !important;}&#8221;]\n<p class=\"p1\">\u00a1Llama ahora! <a href=\"tel:4075693239\">(407) 569-3239<\/a><\/p>\n<h4><\/h4>\n[\/vc_column_text][\/vc_column][\/vc_row][vc_row fullwidth=&#8221;true&#8221; fullwidth_content=&#8221;false&#8221; visibility=&#8221;visible-sm&#8221; css=&#8221;.vc_custom_1574688029538{margin-top: 0px !important;margin-right: 0px !important;margin-left: 0px !important;border-top-width: 0px !important;border-right-width: 0px !important;border-bottom-width: 0px !important;border-left-width: 0px !important;padding-top: 0px !important;padding-right: 20px !important;padding-bottom: 10px !important;padding-left: 20px !important;background-color: #e6e6e6 !important;}&#8221; el_class=&#8221;sticky-toolbar&#8221;][vc_column][vc_widget_sidebar sidebar_id=&#8221;sidebar-17&#8243; el_class=&#8221;widget-top&#8221;][\/vc_column][\/vc_row][vc_row fullwidth=&#8221;true&#8221; css=&#8221;.vc_custom_1604686805399{padding-bottom: 40px !important;background-color: #f4f4f4 !important;}&#8221;][vc_column width=&#8221;1\/3&#8243; css=&#8221;.vc_custom_1604685931564{padding-top: 40px !important;}&#8221;][mk_padding_divider][vc_column_text css=&#8221;.vc_custom_1605122212597{margin-bottom: 0px !important;}&#8221;]\n<h2 style=\"text-align: center;\"><strong>\u00a1Cotizaci\u00f3n Gratis!<\/strong><\/h2>\n<div id=\"gtx-trans\" style=\"position: absolute; left: 1153px; top: 52.3984px;\">\n<div class=\"gtx-trans-icon\"><\/div>\n<\/div>\n[\/vc_column_text][\/vc_column][vc_column width=&#8221;1\/3&#8243; css=&#8221;.vc_custom_1604685980739{padding-top: 40px !important;}&#8221;]\n<div class=\"wpcf7 no-js\" id=\"wpcf7-f6837-o1\" lang=\"en-US\" dir=\"ltr\" data-wpcf7-id=\"6837\">\n<div class=\"screen-reader-response\"><p role=\"status\" aria-live=\"polite\" aria-atomic=\"true\"><\/p> <ul><\/ul><\/div>\n<form action=\"\/es\/wp-json\/wp\/v2\/pages\/6714#wpcf7-f6837-o1\" method=\"post\" class=\"wpcf7-form init\" aria-label=\"Contact form\" novalidate=\"novalidate\" data-status=\"init\">\n<div style=\"display: none;\">\n<input type=\"hidden\" name=\"_wpcf7\" value=\"6837\" \/>\n<input type=\"hidden\" name=\"_wpcf7_version\" value=\"6.0.6\" \/>\n<input type=\"hidden\" name=\"_wpcf7_locale\" value=\"en_US\" \/>\n<input type=\"hidden\" name=\"_wpcf7_unit_tag\" value=\"wpcf7-f6837-o1\" \/>\n<input type=\"hidden\" name=\"_wpcf7_container_post\" value=\"0\" \/>\n<input type=\"hidden\" name=\"_wpcf7_posted_data_hash\" value=\"\" \/>\n<\/div>\n<style>\n .redButtonSubmit {background:#f01b28 !important;}\n #line_of_business {display: none !important;}\n<\/style>\n<p><label><span class=\"wpcf7-form-control-wrap\" data-name=\"fullname\"><input size=\"40\" maxlength=\"400\" class=\"wpcf7-form-control wpcf7-text wpcf7-validates-as-required\" aria-required=\"true\" aria-invalid=\"false\" placeholder=\"Nombre Completo\" value=\"\" type=\"text\" name=\"fullname\" \/><\/span> <\/label><br \/>\n<label><span class=\"wpcf7-form-control-wrap\" data-name=\"phone\"><input size=\"40\" maxlength=\"400\" class=\"wpcf7-form-control wpcf7-tel wpcf7-validates-as-required wpcf7-text wpcf7-validates-as-tel\" aria-required=\"true\" aria-invalid=\"false\" placeholder=\"Tel\u00e9fono\" value=\"\" type=\"tel\" name=\"phone\" \/><\/span> <\/label><br \/>\n<label><span class=\"wpcf7-form-control-wrap\" data-name=\"email\"><input size=\"40\" maxlength=\"400\" class=\"wpcf7-form-control wpcf7-email wpcf7-validates-as-required wpcf7-text wpcf7-validates-as-email\" aria-required=\"true\" aria-invalid=\"false\" placeholder=\"Correo El\u00e9ctronico\" value=\"\" type=\"email\" name=\"email\" \/><\/span> <\/label><br \/>\n<input class=\"wpcf7-form-control wpcf7-hidden\" id=\"line_of_business\" value=\"\" type=\"hidden\" name=\"line_of_business\" \/>\n<\/p>\n<p><input type=\"submit\" value=\"Enviar\" class=\"wpcf7-form-control wpcf7-submit redButtonSubmit\" \/>\n<\/p>\n<p><script>\nvar PATH = jQuery(location).attr('pathname');\nvar arrayURL = PATH.split(\"\/\");\nif(arrayURL[1] == 'es') {var params = arrayURL[2].split(\"-\");}\nelse {var params = arrayURL[1].split(\"-\");}\nvar lob;\nif(params.includes( 'auto' ) || params.includes( 'carro' ) || params.includes( 'rodantes' ) || arrayURL[2] == 'seguro_de_botes'){\n lob = \"Auto\";\n}else if( params.includes( 'comerciales' ) || arrayURL[2] == 'seguros_comerciales'){\n lob = \"Commercial\";\n}else if(params.includes( 'casa' )){\n lob = \"Home\";\n}else if(params.includes( 'vida' ) ){\n lob = \"Life\";\n}else if(params.includes( 'salud' ) ){\n lob = \"Health\";\n}else if(params.includes( 'obamacare' ) ){\n lob = \"Obamacare\";\n}else if(params.includes( 'motocicleta' ) ){\n lob = \"Motorcycle\";\n}else{\n lob = \"Auto\";\n}\nif(arrayURL[2] == \"servicios-de-salud-obamacare\"){lob = \"Obamacare\";}\ndocument.getElementById('line_of_business').value = lob;\n<\/script>\n<\/p><input type=\"hidden\" id=\"ct_checkjs_cf7_0e01938fc48a2cfb5f2217fbfb00722d\" name=\"ct_checkjs_cf7\" value=\"0\" \/><script >setTimeout(function(){var ct_input_name = \"ct_checkjs_cf7_0e01938fc48a2cfb5f2217fbfb00722d\";if (document.getElementById(ct_input_name) !== null) {var ct_input_value = document.getElementById(ct_input_name).value;document.getElementById(ct_input_name).value = document.getElementById(ct_input_name).value.replace(ct_input_value, '546ce2e0a0afc340d7532221ed3a513a74fd09acc5ccd9b2ecf5bd66b1b792d0');}}, 1000);<\/script><label class=\"apbct_special_field\" id=\"apbct_label_id56683\" for=\"apbct__email_id__wp_contact_form_7_56683\">56683<\/label><input \n        id=\"apbct__email_id__wp_contact_form_7_56683\" \n        class=\"apbct_special_field apbct__email_id__wp_contact_form_7\"\n        autocomplete=\"off\" \n        name=\"apbct__email_id__wp_contact_form_7_56683\"  \n        type=\"text\" \n        value=\"56683\" \n        size=\"30\" \n        apbct_event_id=\"56683\"\n        maxlength=\"200\" \n    \/><input \n        id=\"apbct_event_id_wp_contact_form_7_56683\"\n        class=\"apbct_special_field\"\n        name=\"apbct_event_id\"\n        type=\"hidden\" \n        value=\"56683\" \n            \/><div class=\"wpcf7-response-output\" aria-hidden=\"true\"><\/div>\n<\/form>\n<\/div>\n[\/vc_column][vc_column width=&#8221;1\/3&#8243;][mk_padding_divider][vc_column_text css=&#8221;.vc_custom_1605122224017{margin-bottom: 0px !important;padding-top: 40px !important;}&#8221;]\n<h2 style=\"text-align: center;\"><strong>\u00a1Llama Ahora!<\/strong><\/h2>\n<h2 style=\"text-align: center;\"><strong><span style=\"color: #ff0000;\"><a style=\"color: #ff0000;\" href=\"tel:4075693239\">(407) 569-3239<\/a><\/span><\/strong><\/h2>\n<div id=\"gtx-trans\" style=\"position: absolute; left: -31px; top: -5.10156px;\">\n<div class=\"gtx-trans-icon\"><\/div>\n<\/div>\n[\/vc_column_text][\/vc_column][\/vc_row][vc_row fullwidth=&#8221;true&#8221; fullwidth_content=&#8221;false&#8221; equal_columns=&#8221;true&#8221; css=&#8221;.vc_custom_1567802445686{padding-top: 0px !important;padding-bottom: 0px !important;background-image: url(\/wp-content\/uploads\/2019\/09\/fondoblanco.jpg?id=449) !important;background-position: center !important;background-repeat: no-repeat !important;background-size: cover !important;}&#8221;][vc_column width=&#8221;1\/2&#8243; el_class=&#8221;padding-right-header&#8221;][mk_fancy_title color=&#8221;#1b4290&#8243; size=&#8221;24&#8243; margin_top=&#8221;80&#8243; margin_bottom=&#8221;0&#8243; font_family=&#8221;none&#8221;]\n<p class=\"p1\">Seguro de Casas Rodantes UniVista en Orlando \u00a1Llama Ahora! <a href=\"tel:4075693239\">(407) 569-3239<\/a><\/p>\n<div id=\"gtx-trans\" style=\"position: absolute; left: 184px; top: 38px;\">\n<div class=\"gtx-trans-icon\"><\/div>\n<\/div>\n[\/mk_fancy_title][mk_fancy_title color=&#8221;#000000&#8243; size=&#8221;18&#8243; font_weight=&#8221;300&#8243; margin_bottom=&#8221;0&#8243; font_family=&#8221;none&#8221;]\n<p class=\"p1\">UniVista Insurance ofrece todo tipo de seguros a las tarifas m\u00e1s bajas y con la mejor cobertura en Florida Central. Nuestros agentes especializados est\u00e1n listos para brindarle la mejor orientaci\u00f3n y ayudarlo a elegir la cobertura adecuada para sus necesidades y ayudarlo a ahorrar dinero.<\/p>\n[\/mk_fancy_title][\/vc_column][vc_column width=&#8221;1\/2&#8243;][mk_image src=&#8221;http:\/\/temp.univistainsuranceorlando.com\/wp-content\/uploads\/2020\/11\/moto.jpg&#8221; image_size=&#8221;full&#8221; margin_bottom=&#8221;0&#8243;][\/vc_column][\/vc_row][vc_row fullwidth=&#8221;true&#8221; fullwidth_content=&#8221;false&#8221; column_padding=&#8221;2&#8243; css=&#8221;.vc_custom_1604690119777{padding-top: 40px !important;padding-bottom: 40px !important;background-color: #ffffff !important;}&#8221;][vc_column][mk_fancy_title color=&#8221;#1b4290&#8243; size=&#8221;24&#8243; font_weight=&#8221;600&#8243; font_family=&#8221;none&#8221; align=&#8221;center&#8221;]\n<h1 class=\"p1\" style=\"text-align: center;\">\u00bfC\u00f3mo obtengo una cotizaci\u00f3n para un seguro de motocicleta asequible?<\/h1>\n<div id=\"gtx-trans\" style=\"position: absolute; left: 981px; top: 44.1597px;\">\n<div class=\"gtx-trans-icon\"><\/div>\n<\/div>\n[\/mk_fancy_title][vc_row_inner][vc_column_inner width=&#8221;1\/2&#8243;][vc_column_text disable_pattern=&#8221;false&#8221; css=&#8221;.vc_custom_1604434425062{margin-bottom: 0px !important;}&#8221;]\n<p class=\"p1\">Univista Insurance Orlando facilita la obtenci\u00f3n r\u00e1pida y gratuita de una cotizaci\u00f3n de seguro de motocicleta en l\u00ednea o tambi\u00e9n puede llamar a nuestra oficina al (407) 569-3239 para hablar con uno de nuestros agentes autorizados. Podr\u00e1 personalizar su propia cobertura de seguro de motocicleta en funci\u00f3n de sus necesidades.<\/p>\n<p class=\"p1\">Queremos asegurarnos de que pueda encontrar una tarifa adecuada para usted y su billetera. Ya sea que conduzca una motocicleta modelo 1986 o una motocicleta modelo 2020, ayudarlo a elegir la cobertura adecuada est\u00e1 a solo unos clics o una llamada telef\u00f3nica.<\/p>\n<div id=\"gtx-trans\" style=\"position: absolute; left: 401px; top: 62px;\">\n<div class=\"gtx-trans-icon\"><\/div>\n<\/div>\n[\/vc_column_text][\/vc_column_inner][vc_column_inner width=&#8221;1\/2&#8243;][vc_column_text disable_pattern=&#8221;false&#8221; css=&#8221;.vc_custom_1604434531013{margin-bottom: 0px !important;}&#8221;]\n<p class=\"p1\"><strong>Aqu\u00ed hay algunas cosas que deber\u00e1 reunir con anticipaci\u00f3n:<\/strong><\/p>\n<ul>\n<li class=\"p1\"><strong>Conductor:<\/strong> Necesitaremos conocer \u00e9l (los) asegurado (s) de la (s) motocicleta (s). Obtenga el nombre, la fecha de nacimiento, el n\u00famero de licencia y otra informaci\u00f3n requerida para cada conductor.<\/li>\n<li class=\"p1\"><strong>Motocicleta:<\/strong> a\u00f1o, marca, modelo y n\u00famero de identificaci\u00f3n del veh\u00edculo de la (s) motocicleta (s) que ser\u00e1n aseguradas.<\/li>\n<li class=\"p1\"><strong>Seguro:<\/strong> Informaci\u00f3n de la aseguradora m\u00e1s reciente (si aplica).<\/li>\n<\/ul>\n<div id=\"gtx-trans\" style=\"position: absolute; left: -31px; top: 142px;\">\n<div class=\"gtx-trans-icon\"><\/div>\n<\/div>\n[\/vc_column_text][\/vc_column_inner][\/vc_row_inner][\/vc_column][\/vc_row][vc_row fullwidth=&#8221;true&#8221; fullwidth_content=&#8221;false&#8221; column_padding=&#8221;2&#8243; css=&#8221;.vc_custom_1604075272376{padding-top: 40px !important;padding-bottom: 0px !important;background-color: #203682 !important;}&#8221;][vc_column][mk_fancy_title color=&#8221;#ffffff&#8221; size=&#8221;24&#8243; font_family=&#8221;none&#8221; align=&#8221;center&#8221;]\u00a1Obtenga la informaci\u00f3n que necesita para elegir la cobertura adecuada para usted!<br \/>\n\u00a1Hable hoy con un agente de seguros de Univista!<br \/>\n<b>Llama Ahora! <span style=\"color: #ff0000;\"><a style=\"color: #ff0000;\" href=\"tel:4075693239\">(407) 569-3239<\/a><\/span><\/b>[\/mk_fancy_title][\/vc_column][\/vc_row][vc_row fullwidth=&#8221;true&#8221; fullwidth_content=&#8221;false&#8221; visibility=&#8221;hidden-sm&#8221; css=&#8221;.vc_custom_1571447068261{padding-top: 40px !important;padding-bottom: 40px !important;background-image: url(\/wp-content\/uploads\/2019\/08\/back-home.png?id=4) !important;}&#8221;][vc_column][mk_fancy_title color=&#8221;#1b4290&#8243; size=&#8221;24&#8243; font_family=&#8221;none&#8221; align=&#8221;center&#8221;]<strong>\u00bfQu\u00e9 tipo (s)<\/strong> de seguro (s) necesita?[\/mk_fancy_title][mk_animated_columns column_height=&#8221;300&#8243; column_number=&#8221;6&#8243; order=&#8221;ASC&#8221; bg_hover_color=&#8221;#1b4290&#8243; icon_size=&#8221;128&#8243; txt_color=&#8221;#ffffff&#8221; txt_hover_color=&#8221;#ffffff&#8221; columns=&#8221;2189, 2198, 2194, 2196, 2200, 2192&#8243;][\/vc_column][\/vc_row][vc_row fullwidth=&#8221;true&#8221; fullwidth_content=&#8221;false&#8221; visibility=&#8221;visible-sm&#8221; disable_element=&#8221;yes&#8221; css=&#8221;.vc_custom_1605117829167{padding-top: 40px !important;padding-bottom: 40px !important;}&#8221;][vc_column][mk_gallery custom_links=&#8221;seguro-vehiculo, seguro-propiedad, seguro-comercial, seguro-vida, obamacare, ventaja-medicare&#8221; column=&#8221;1&#8243; image_size=&#8221;medium&#8221; orderby=&#8221;post__in&#8221;][\/vc_column][\/vc_row]\n<\/section>","protected":false},"excerpt":{"rendered":"<p>[vc_row fullwidth=&#8221;true&#8221; visibility=&#8221;visible-sm&#8221; css=&#8221;.vc_custom_1571685811393{background: #ffffff url(\/wp-content\/uploads\/2019\/10\/back-call-1.png?id=1351) !important;background-position: center !important;background-repeat: no-repeat !important;background-size: cover !important;}&#8221; el_class=&#8221;sticky&#8221;][vc_column css=&#8221;.vc_custom_1570797804053{padding-top: 20px !important;}&#8221;][vc_column_text disable_pattern=&#8221;false&#8221; css=&#8221;.vc_custom_1603728873705{margin-bottom: 0px !important;}&#8221;] \u00a1Llama ahora! (407) 569-3239 [\/vc_column_text][\/vc_column][\/vc_row][vc_row fullwidth=&#8221;true&#8221; fullwidth_content=&#8221;false&#8221; visibility=&#8221;visible-sm&#8221; css=&#8221;.vc_custom_1574688029538{margin-top: 0px !important;margin-right: 0px !important;margin-left: 0px !important;border-top-width: 0px !important;border-right-width: 0px !important;border-bottom-width: 0px !important;border-left-width: 0px !important;padding-top: 0px !important;padding-right: 20px !important;padding-bottom: 10px !important;padding-left: 20px !important;background-color: #e6e6e6 !important;}&#8221; el_class=&#8221;sticky-toolbar&#8221;][vc_column][vc_widget_sidebar [&hellip;]<\/p>\n","protected":false},"author":2,"featured_media":6719,"parent":0,"menu_order":0,"comment_status":"closed","ping_status":"closed","template":"","meta":{"footnotes":""},"class_list":["post-6714","page","type-page","status-publish","has-post-thumbnail","hentry"],"translation":{"provider":"WPGlobus","version":"2.12.2","language":"es","enabled_languages":["en","es"],"languages":{"en":{"title":true,"content":true,"excerpt":false},"es":{"title":true,"content":true,"excerpt":false}}},"yoast_head":"<!-- This site is optimized with the Yoast SEO Premium plugin v18.1 (Yoast SEO v26.9) - https:\/\/yoast.com\/product\/yoast-seo-premium-wordpress\/ -->\n<title>Seguro de Motocicleta | UniVista Insurance Orlando<\/title>\n<meta name=\"description\" content=\"\u00a1Univista Insurance Orlando ofrece la mejor cobertura de seguro de motocicleta! Puede ahorrar hasta un 40% en su seguro. \u00a1Cotizaci\u00f3n y consulta gratis!\" \/>\n<meta name=\"robots\" content=\"index, follow, max-snippet:-1, max-image-preview:large, max-video-preview:-1\" \/>\n<link rel=\"canonical\" href=\"https:\/\/orlandobackup.univistainsurance.com\/motorcycle-insurance\/\" \/>\n<meta property=\"og:locale\" content=\"es_ES\" \/>\n<meta property=\"og:type\" content=\"article\" \/>\n<meta property=\"og:title\" content=\"Seguro de Motocicleta | UniVista Insurance Orlando\" \/>\n<meta property=\"og:description\" content=\"\u00a1Univista Insurance Orlando ofrece la mejor cobertura de seguro de motocicleta! Puede ahorrar hasta un 40% en su seguro. \u00a1Cotizaci\u00f3n y consulta gratis!\" \/>\n<meta property=\"og:url\" content=\"https:\/\/orlandobackup.univistainsurance.com\/motorcycle-insurance\/\" \/>\n<meta property=\"og:site_name\" content=\"UniVista Insurance Orlando\" \/>\n<meta property=\"article:publisher\" content=\"https:\/\/www.facebook.com\/UnivistaInsuranceOfficialPage\/\" \/>\n<meta property=\"article:modified_time\" content=\"2020-12-31T14:51:04+00:00\" \/>\n<meta property=\"og:image\" content=\"https:\/\/orlandobackup.univistainsurance.com\/wp-content\/uploads\/2020\/11\/moto.jpg\" \/>\n\t<meta property=\"og:image:width\" content=\"1147\" \/>\n\t<meta property=\"og:image:height\" content=\"818\" \/>\n\t<meta property=\"og:image:type\" content=\"image\/jpeg\" \/>\n<meta name=\"twitter:card\" content=\"summary_large_image\" \/>\n<meta name=\"twitter:site\" content=\"@UnivistaIns\" \/>\n<meta name=\"twitter:label1\" content=\"Est. reading time\" \/>\n\t<meta name=\"twitter:data1\" content=\"8 minutes\" \/>\n<script type=\"application\/ld+json\" class=\"yoast-schema-graph\">{\"@context\":\"https:\/\/schema.org\",\"@graph\":[{\"@type\":\"WebPage\",\"@id\":\"https:\/\/orlandobackup.univistainsurance.com\/motorcycle-insurance\/\",\"url\":\"https:\/\/orlandobackup.univistainsurance.com\/motorcycle-insurance\/\",\"name\":\"Seguro de Motocicleta | UniVista Insurance Orlando\",\"isPartOf\":{\"@id\":\"https:\/\/orlandobackup.univistainsurance.com\/#website\"},\"primaryImageOfPage\":{\"@id\":\"https:\/\/orlandobackup.univistainsurance.com\/motorcycle-insurance\/#primaryimage\"},\"image\":{\"@id\":\"https:\/\/orlandobackup.univistainsurance.com\/motorcycle-insurance\/#primaryimage\"},\"thumbnailUrl\":\"https:\/\/orlandobackup.univistainsurance.com\/wp-content\/uploads\/2020\/11\/moto.jpg\",\"datePublished\":\"2020-11-03T18:35:20+00:00\",\"dateModified\":\"2020-12-31T14:51:04+00:00\",\"description\":\"\u00a1Univista Insurance Orlando ofrece la mejor cobertura de seguro de motocicleta! Puede ahorrar hasta un 40% en su seguro. \u00a1Cotizaci\u00f3n y consulta gratis!\",\"breadcrumb\":{\"@id\":\"https:\/\/orlandobackup.univistainsurance.com\/motorcycle-insurance\/#breadcrumb\"},\"inLanguage\":\"es-ES\",\"potentialAction\":[{\"@type\":\"ReadAction\",\"target\":[\"https:\/\/orlandobackup.univistainsurance.com\/motorcycle-insurance\/\"]}]},{\"@type\":\"ImageObject\",\"inLanguage\":\"es-ES\",\"@id\":\"https:\/\/orlandobackup.univistainsurance.com\/motorcycle-insurance\/#primaryimage\",\"url\":\"https:\/\/orlandobackup.univistainsurance.com\/wp-content\/uploads\/2020\/11\/moto.jpg\",\"contentUrl\":\"https:\/\/orlandobackup.univistainsurance.com\/wp-content\/uploads\/2020\/11\/moto.jpg\",\"width\":1147,\"height\":818,\"caption\":\"Motorcycle Insurance\"},{\"@type\":\"BreadcrumbList\",\"@id\":\"https:\/\/orlandobackup.univistainsurance.com\/motorcycle-insurance\/#breadcrumb\",\"itemListElement\":[{\"@type\":\"ListItem\",\"position\":1,\"name\":\"Home\",\"item\":\"https:\/\/orlandobackup.univistainsurance.com\/\"},{\"@type\":\"ListItem\",\"position\":2,\"name\":\"Motorcycle Insurance\"}]},{\"@type\":\"WebSite\",\"@id\":\"https:\/\/orlandobackup.univistainsurance.com\/#website\",\"url\":\"https:\/\/orlandobackup.univistainsurance.com\/\",\"name\":\"UniVista Insurance Orlando\",\"description\":\"UniVista Insurance Orlando\",\"publisher\":{\"@id\":\"https:\/\/orlandobackup.univistainsurance.com\/#organization\"},\"potentialAction\":[{\"@type\":\"SearchAction\",\"target\":{\"@type\":\"EntryPoint\",\"urlTemplate\":\"https:\/\/orlandobackup.univistainsurance.com\/?s={search_term_string}\"},\"query-input\":{\"@type\":\"PropertyValueSpecification\",\"valueRequired\":true,\"valueName\":\"search_term_string\"}}],\"inLanguage\":\"es-ES\"},{\"@type\":\"Organization\",\"@id\":\"https:\/\/orlandobackup.univistainsurance.com\/#organization\",\"name\":\"Univista Insurance\",\"url\":\"https:\/\/orlandobackup.univistainsurance.com\/\",\"logo\":{\"@type\":\"ImageObject\",\"inLanguage\":\"es-ES\",\"@id\":\"https:\/\/orlandobackup.univistainsurance.com\/#\/schema\/logo\/image\/\",\"url\":\"https:\/\/orlandobackup.univistainsurance.com\/wp-content\/uploads\/2019\/08\/logo-univista.png\",\"contentUrl\":\"https:\/\/orlandobackup.univistainsurance.com\/wp-content\/uploads\/2019\/08\/logo-univista.png\",\"width\":190,\"height\":50,\"caption\":\"Univista Insurance\"},\"image\":{\"@id\":\"https:\/\/orlandobackup.univistainsurance.com\/#\/schema\/logo\/image\/\"},\"sameAs\":[\"https:\/\/www.facebook.com\/UnivistaInsuranceOfficialPage\/\",\"https:\/\/x.com\/UnivistaIns\",\"https:\/\/www.instagram.com\/univista.insurance\/\",\"https:\/\/www.linkedin.com\/company\/univista-insurance\",\"https:\/\/www.youtube.com\/univistainsuranceforall\"]}]}<\/script>\n<!-- \/ Yoast SEO Premium plugin. -->","yoast_head_json":{"title":"Seguro de Motocicleta | UniVista Insurance Orlando","description":"\u00a1Univista Insurance Orlando ofrece la mejor cobertura de seguro de motocicleta! Puede ahorrar hasta un 40% en su seguro. \u00a1Cotizaci\u00f3n y consulta gratis!","robots":{"index":"index","follow":"follow","max-snippet":"max-snippet:-1","max-image-preview":"max-image-preview:large","max-video-preview":"max-video-preview:-1"},"canonical":"https:\/\/orlandobackup.univistainsurance.com\/motorcycle-insurance\/","og_locale":"es_ES","og_type":"article","og_title":"Seguro de Motocicleta | UniVista Insurance Orlando","og_description":"\u00a1Univista Insurance Orlando ofrece la mejor cobertura de seguro de motocicleta! Puede ahorrar hasta un 40% en su seguro. \u00a1Cotizaci\u00f3n y consulta gratis!","og_url":"https:\/\/orlandobackup.univistainsurance.com\/motorcycle-insurance\/","og_site_name":"UniVista Insurance Orlando","article_publisher":"https:\/\/www.facebook.com\/UnivistaInsuranceOfficialPage\/","article_modified_time":"2020-12-31T14:51:04+00:00","og_image":[{"width":1147,"height":818,"url":"https:\/\/orlandobackup.univistainsurance.com\/wp-content\/uploads\/2020\/11\/moto.jpg","type":"image\/jpeg"}],"twitter_card":"summary_large_image","twitter_site":"@UnivistaIns","twitter_misc":{"Est. reading time":"8 minutes"},"schema":{"@context":"https:\/\/schema.org","@graph":[{"@type":"WebPage","@id":"https:\/\/orlandobackup.univistainsurance.com\/motorcycle-insurance\/","url":"https:\/\/orlandobackup.univistainsurance.com\/motorcycle-insurance\/","name":"Seguro de Motocicleta | UniVista Insurance Orlando","isPartOf":{"@id":"https:\/\/orlandobackup.univistainsurance.com\/#website"},"primaryImageOfPage":{"@id":"https:\/\/orlandobackup.univistainsurance.com\/motorcycle-insurance\/#primaryimage"},"image":{"@id":"https:\/\/orlandobackup.univistainsurance.com\/motorcycle-insurance\/#primaryimage"},"thumbnailUrl":"https:\/\/orlandobackup.univistainsurance.com\/wp-content\/uploads\/2020\/11\/moto.jpg","datePublished":"2020-11-03T18:35:20+00:00","dateModified":"2020-12-31T14:51:04+00:00","description":"\u00a1Univista Insurance Orlando ofrece la mejor cobertura de seguro de motocicleta! Puede ahorrar hasta un 40% en su seguro. \u00a1Cotizaci\u00f3n y consulta gratis!","breadcrumb":{"@id":"https:\/\/orlandobackup.univistainsurance.com\/motorcycle-insurance\/#breadcrumb"},"inLanguage":"es-ES","potentialAction":[{"@type":"ReadAction","target":["https:\/\/orlandobackup.univistainsurance.com\/motorcycle-insurance\/"]}]},{"@type":"ImageObject","inLanguage":"es-ES","@id":"https:\/\/orlandobackup.univistainsurance.com\/motorcycle-insurance\/#primaryimage","url":"https:\/\/orlandobackup.univistainsurance.com\/wp-content\/uploads\/2020\/11\/moto.jpg","contentUrl":"https:\/\/orlandobackup.univistainsurance.com\/wp-content\/uploads\/2020\/11\/moto.jpg","width":1147,"height":818,"caption":"Motorcycle Insurance"},{"@type":"BreadcrumbList","@id":"https:\/\/orlandobackup.univistainsurance.com\/motorcycle-insurance\/#breadcrumb","itemListElement":[{"@type":"ListItem","position":1,"name":"Home","item":"https:\/\/orlandobackup.univistainsurance.com\/"},{"@type":"ListItem","position":2,"name":"Motorcycle Insurance"}]},{"@type":"WebSite","@id":"https:\/\/orlandobackup.univistainsurance.com\/#website","url":"https:\/\/orlandobackup.univistainsurance.com\/","name":"UniVista Insurance Orlando","description":"UniVista Insurance Orlando","publisher":{"@id":"https:\/\/orlandobackup.univistainsurance.com\/#organization"},"potentialAction":[{"@type":"SearchAction","target":{"@type":"EntryPoint","urlTemplate":"https:\/\/orlandobackup.univistainsurance.com\/?s={search_term_string}"},"query-input":{"@type":"PropertyValueSpecification","valueRequired":true,"valueName":"search_term_string"}}],"inLanguage":"es-ES"},{"@type":"Organization","@id":"https:\/\/orlandobackup.univistainsurance.com\/#organization","name":"Univista Insurance","url":"https:\/\/orlandobackup.univistainsurance.com\/","logo":{"@type":"ImageObject","inLanguage":"es-ES","@id":"https:\/\/orlandobackup.univistainsurance.com\/#\/schema\/logo\/image\/","url":"https:\/\/orlandobackup.univistainsurance.com\/wp-content\/uploads\/2019\/08\/logo-univista.png","contentUrl":"https:\/\/orlandobackup.univistainsurance.com\/wp-content\/uploads\/2019\/08\/logo-univista.png","width":190,"height":50,"caption":"Univista Insurance"},"image":{"@id":"https:\/\/orlandobackup.univistainsurance.com\/#\/schema\/logo\/image\/"},"sameAs":["https:\/\/www.facebook.com\/UnivistaInsuranceOfficialPage\/","https:\/\/x.com\/UnivistaIns","https:\/\/www.instagram.com\/univista.insurance\/","https:\/\/www.linkedin.com\/company\/univista-insurance","https:\/\/www.youtube.com\/univistainsuranceforall"]}]}},"_links":{"self":[{"href":"https:\/\/orlandobackup.univistainsurance.com\/es\/wp-json\/wp\/v2\/pages\/6714","targetHints":{"allow":["GET"]}}],"collection":[{"href":"https:\/\/orlandobackup.univistainsurance.com\/es\/wp-json\/wp\/v2\/pages"}],"about":[{"href":"https:\/\/orlandobackup.univistainsurance.com\/es\/wp-json\/wp\/v2\/types\/page"}],"author":[{"embeddable":true,"href":"https:\/\/orlandobackup.univistainsurance.com\/es\/wp-json\/wp\/v2\/users\/2"}],"replies":[{"embeddable":true,"href":"https:\/\/orlandobackup.univistainsurance.com\/es\/wp-json\/wp\/v2\/comments?post=6714"}],"version-history":[{"count":21,"href":"https:\/\/orlandobackup.univistainsurance.com\/es\/wp-json\/wp\/v2\/pages\/6714\/revisions"}],"predecessor-version":[{"id":7032,"href":"https:\/\/orlandobackup.univistainsurance.com\/es\/wp-json\/wp\/v2\/pages\/6714\/revisions\/7032"}],"wp:featuredmedia":[{"embeddable":true,"href":"https:\/\/orlandobackup.univistainsurance.com\/es\/wp-json\/wp\/v2\/media\/6719"}],"wp:attachment":[{"href":"https:\/\/orlandobackup.univistainsurance.com\/es\/wp-json\/wp\/v2\/media?parent=6714"}],"curies":[{"name":"wp","href":"https:\/\/api.w.org\/{rel}","templated":true}]}}