{"id":853,"date":"2019-09-19T18:50:57","date_gmt":"2019-09-19T18:50:57","guid":{"rendered":"http:\/\/xk000569.ferozo.com\/univista\/?page_id=853"},"modified":"2024-01-31T17:03:11","modified_gmt":"2024-01-31T17:03:11","slug":"locations","status":"publish","type":"page","link":"https:\/\/orlandobackup.univistainsurance.com\/es\/localizaciones\/","title":{"rendered":"Agentes"},"content":{"rendered":"<section class=\"wpb-content-wrapper\">[vc_row fullwidth=&#8221;true&#8221; fullwidth_content=&#8221;false&#8221; css=&#8221;.vc_custom_1604591476355{padding-top: 90px !important;}&#8221;][vc_column][mk_fancy_title color=&#8221;#1b4290&#8243; size=&#8221;24&#8243; font_family=&#8221;none&#8221; align=&#8221;center&#8221;]\n<h1 style=\"text-align: center;\"><strong>Localice y hable con su agente licensiado de UniVista m\u00e1s cercano.<\/strong><\/h1>\n<p>Ingrese su c\u00f3digo postal actual aqu\u00ed:<\/p>\n<div id=\"gtx-trans\" style=\"position: absolute; left: 565px; top: 36.9896px;\">\n<div class=\"gtx-trans-icon\"><\/div>\n<\/div>\n[\/mk_fancy_title][vc_column_text css=&#8221;.vc_custom_1604419210744{margin-bottom: 0px !important;}&#8221;]<style>\r\n\t#wpsl-stores .wpsl-store-thumb {height:45px !important; width:45px !important;}\r\n\t#wpsl-gmap {height:500px !important;}\r\n\t#wpsl-stores, #wpsl-direction-details {height:auto !important;}\t#wpsl-gmap .wpsl-info-window {max-width:600px !important;}\r\n\t.wpsl-input label, #wpsl-radius label, #wpsl-category label {width:70px;}\r\n\t#wpsl-search-input  {width:600px;}\r\n<\/style>\r\n<div id=\"wpsl-wrap\" class=\"wpsl-store-below\">\r\n\t<div class=\"wpsl-search wpsl-clearfix \">\r\n\t\t<div id=\"wpsl-search-wrap\">\r\n\t\t\t<form autocomplete=\"off\">\r\n\t\t\t<div class=\"wpsl-input\">\r\n\t\t\t\t<div><label for=\"wpsl-search-input\">Location<\/label><\/div>\r\n\t\t\t\t<input id=\"wpsl-search-input\" type=\"text\" value=\"\" name=\"wpsl-search-input\" placeholder=\"\" aria-required=\"true\" \/>\r\n\t\t\t<\/div>\r\n\t\t\t<div class=\"wpsl-select-wrap\">\r\n\t\t\t\t<div id=\"wpsl-radius\">\r\n\t\t\t\t\t<label for=\"wpsl-radius-dropdown\">Miles<\/label>\r\n\t\t\t\t\t<select id=\"wpsl-radius-dropdown\" class=\"wpsl-dropdown\" name=\"wpsl-radius\">\r\n\t\t\t\t\t\t<option value=\"5\">5 mi<\/option><option selected=\"selected\" value=\"10\">10 mi<\/option><option value=\"25\">25 mi<\/option><option value=\"100\">100 mi<\/option>\r\n\t\t\t\t\t<\/select>\r\n\t\t\t\t<\/div>\r\n\t\t\t\t<div id=\"wpsl-results\">\r\n\t\t\t\t\t<label for=\"wpsl-results-dropdown\">Result<\/label>\r\n\t\t\t\t\t<select id=\"wpsl-results-dropdown\" class=\"wpsl-dropdown\" name=\"wpsl-results\">\r\n\t\t\t\t\t\t<option selected=\"selected\" value=\"25\">25<\/option><option value=\"50\">50<\/option><option value=\"75\">75<\/option><option value=\"100\">100<\/option><option value=\"200\">200<\/option>\r\n\t\t\t\t\t<\/select>\r\n\t\t\t\t<\/div>\r\n\t\t\t<\/div>\r\n\t\t\t\t<div class=\"wpsl-search-btn-wrap\"><input id=\"wpsl-search-btn\" type=\"submit\" value=\"Find agents\"><\/div>\r\n\t\t<\/form>\r\n\t\t<\/div>\r\n\t<\/div>\r\n\t<div id=\"wpsl-gmap\" class=\"wpsl-gmap-canvas\"><\/div>\r\n\t<div id=\"wpsl-result-list\">\r\n\t\t<div id=\"wpsl-stores\" >\r\n\t\t\t<ul><\/ul>\r\n\t\t<\/div>\r\n\t\t<div id=\"wpsl-direction-details\">\r\n\t\t\t<ul><\/ul>\r\n\t\t<\/div>\r\n\t<\/div>\r\n<\/div>\r\n[\/vc_column_text][\/vc_column][\/vc_row][vc_row fullwidth=&#8221;true&#8221; fullwidth_content=&#8221;false&#8221; column_padding=&#8221;2&#8243; css=&#8221;.vc_custom_1568918769809{padding-top: 40px !important;padding-bottom: 0px !important;background-color: #203682 !important;}&#8221;][vc_column][mk_fancy_title color=&#8221;#ffffff&#8221; size=&#8221;24&#8243; font_family=&#8221;none&#8221; align=&#8221;center&#8221;]\u00a1Obtenga la informaci\u00f3n que necesita para elegir la cobertura adecuada para usted! \u00a1Hable hoy con un agente de seguros de Univista! <b>\u00a1Llama ahora!<span style=\"color: #ff0000;\"> <a style=\"color: #ff0000;\" href=\"tel:4075693239\">(407) 569-3239<\/a><\/span><\/b><\/p>\n<div id=\"gtx-trans\" style=\"position: absolute; left: 1px; top: 62px;\">\n<div class=\"gtx-trans-icon\"><\/div>\n<\/div>\n[\/mk_fancy_title][\/vc_column][\/vc_row][vc_row fullwidth=&#8221;true&#8221; fullwidth_content=&#8221;false&#8221; css=&#8221;.vc_custom_1566683136240{padding-top: 40px !important;padding-bottom: 40px !important;background-image: url(\/wp-content\/uploads\/2019\/08\/back-home.png?id=4) !important;}&#8221;][vc_column][mk_fancy_title color=&#8221;#1b4290&#8243; size=&#8221;24&#8243; font_family=&#8221;none&#8221; align=&#8221;center&#8221;]<strong> \u00bfQu\u00e9 tipo (s) <\/strong> de seguro (s) necesita?[\/mk_fancy_title][mk_animated_columns column_height=&#8221;300&#8243; column_number=&#8221;5&#8243; order=&#8221;ASC&#8221; orderby=&#8221;menu_order&#8221; bg_hover_color=&#8221;#1b4290&#8243; icon_size=&#8221;128&#8243; txt_color=&#8221;#ffffff&#8221; txt_hover_color=&#8221;#ffffff&#8221; columns=&#8221;2189, 2198, 2194, 2196, 2200&#8243;][\/vc_column][\/vc_row]\n<\/section>","protected":false},"excerpt":{"rendered":"<p>[vc_row fullwidth=&#8221;true&#8221; fullwidth_content=&#8221;false&#8221; css=&#8221;.vc_custom_1604591476355{padding-top: 90px !important;}&#8221;][vc_column][mk_fancy_title color=&#8221;#1b4290&#8243; size=&#8221;24&#8243; font_family=&#8221;none&#8221; align=&#8221;center&#8221;] Localice y hable con su agente licensiado de UniVista m\u00e1s cercano. Ingrese su c\u00f3digo postal actual aqu\u00ed: [\/mk_fancy_title][vc_column_text css=&#8221;.vc_custom_1604419210744{margin-bottom: 0px !important;}&#8221;][\/vc_column_text][\/vc_column][\/vc_row][vc_row fullwidth=&#8221;true&#8221; fullwidth_content=&#8221;false&#8221; column_padding=&#8221;2&#8243; css=&#8221;.vc_custom_1568918769809{padding-top: 40px !important;padding-bottom: 0px !important;background-color: #203682 !important;}&#8221;][vc_column][mk_fancy_title color=&#8221;#ffffff&#8221; size=&#8221;24&#8243; font_family=&#8221;none&#8221; align=&#8221;center&#8221;]\u00a1Obtenga la informaci\u00f3n que necesita para elegir la cobertura adecuada para [&hellip;]<\/p>\n","protected":false},"author":2,"featured_media":7002,"parent":0,"menu_order":0,"comment_status":"closed","ping_status":"closed","template":"","meta":{"footnotes":""},"class_list":["post-853","page","type-page","status-publish","has-post-thumbnail","hentry"],"translation":{"provider":"WPGlobus","version":"2.12.2","language":"es","enabled_languages":["en","es"],"languages":{"en":{"title":true,"content":true,"excerpt":false},"es":{"title":true,"content":true,"excerpt":false}}},"yoast_head":"<!-- This site is optimized with the Yoast SEO Premium plugin v18.1 (Yoast SEO v26.9) - https:\/\/yoast.com\/product\/yoast-seo-premium-wordpress\/ -->\n<title>Agentes | UniVista Insurance Orlando<\/title>\n<meta name=\"description\" content=\"\u00a1Busque la agencia m\u00e1s cercana a su ubicaci\u00f3n con nuestro mapa interactivo! Nuestros agentes le brindar\u00e1n una consulta gratuita y el presupuesto que busca.\" \/>\n<meta name=\"robots\" content=\"index, follow, max-snippet:-1, max-image-preview:large, max-video-preview:-1\" \/>\n<link rel=\"canonical\" href=\"https:\/\/orlandobackup.univistainsurance.com\/locations\/\" \/>\n<meta property=\"og:locale\" content=\"es_ES\" \/>\n<meta property=\"og:type\" content=\"article\" \/>\n<meta property=\"og:title\" content=\"Agentes | UniVista Insurance Orlando\" \/>\n<meta property=\"og:description\" content=\"\u00a1Busque la agencia m\u00e1s cercana a su ubicaci\u00f3n con nuestro mapa interactivo! Nuestros agentes le brindar\u00e1n una consulta gratuita y el presupuesto que busca.\" \/>\n<meta property=\"og:url\" content=\"https:\/\/orlandobackup.univistainsurance.com\/locations\/\" \/>\n<meta property=\"og:site_name\" content=\"UniVista Insurance Orlando\" \/>\n<meta property=\"article:publisher\" content=\"https:\/\/www.facebook.com\/UnivistaInsuranceOfficialPage\/\" \/>\n<meta property=\"article:modified_time\" content=\"2024-01-31T17:03:11+00:00\" \/>\n<meta property=\"og:image\" content=\"https:\/\/orlandobackup.univistainsurance.com\/wp-content\/uploads\/2020\/12\/screen-shot-2020-12-22-at-12.35.42-pm.png\" \/>\n\t<meta property=\"og:image:width\" content=\"1389\" \/>\n\t<meta property=\"og:image:height\" content=\"922\" \/>\n\t<meta property=\"og:image:type\" content=\"image\/png\" \/>\n<meta name=\"twitter:card\" content=\"summary_large_image\" \/>\n<meta name=\"twitter:site\" content=\"@UnivistaIns\" \/>\n<meta name=\"twitter:label1\" content=\"Est. reading time\" \/>\n\t<meta name=\"twitter:data1\" content=\"1 minute\" \/>\n<script type=\"application\/ld+json\" class=\"yoast-schema-graph\">{\"@context\":\"https:\/\/schema.org\",\"@graph\":[{\"@type\":\"WebPage\",\"@id\":\"https:\/\/orlandobackup.univistainsurance.com\/locations\/\",\"url\":\"https:\/\/orlandobackup.univistainsurance.com\/locations\/\",\"name\":\"Agentes | UniVista Insurance Orlando\",\"isPartOf\":{\"@id\":\"https:\/\/orlandobackup.univistainsurance.com\/#website\"},\"primaryImageOfPage\":{\"@id\":\"https:\/\/orlandobackup.univistainsurance.com\/locations\/#primaryimage\"},\"image\":{\"@id\":\"https:\/\/orlandobackup.univistainsurance.com\/locations\/#primaryimage\"},\"thumbnailUrl\":\"https:\/\/orlandobackup.univistainsurance.com\/wp-content\/uploads\/2020\/12\/screen-shot-2020-12-22-at-12.35.42-pm.png\",\"datePublished\":\"2019-09-19T18:50:57+00:00\",\"dateModified\":\"2024-01-31T17:03:11+00:00\",\"description\":\"Look for the nearest agency from your location with our interactive map! Our agents will provide you a free consultation and the quote youre looking for.\",\"breadcrumb\":{\"@id\":\"https:\/\/orlandobackup.univistainsurance.com\/locations\/#breadcrumb\"},\"inLanguage\":\"es-ES\",\"potentialAction\":[{\"@type\":\"ReadAction\",\"target\":[\"https:\/\/orlandobackup.univistainsurance.com\/locations\/\"]}]},{\"@type\":\"ImageObject\",\"inLanguage\":\"es-ES\",\"@id\":\"https:\/\/orlandobackup.univistainsurance.com\/locations\/#primaryimage\",\"url\":\"https:\/\/orlandobackup.univistainsurance.com\/wp-content\/uploads\/2020\/12\/screen-shot-2020-12-22-at-12.35.42-pm.png\",\"contentUrl\":\"https:\/\/orlandobackup.univistainsurance.com\/wp-content\/uploads\/2020\/12\/screen-shot-2020-12-22-at-12.35.42-pm.png\",\"width\":1389,\"height\":922,\"caption\":\"location \/ Localizaciones\"},{\"@type\":\"BreadcrumbList\",\"@id\":\"https:\/\/orlandobackup.univistainsurance.com\/locations\/#breadcrumb\",\"itemListElement\":[{\"@type\":\"ListItem\",\"position\":1,\"name\":\"Home\",\"item\":\"https:\/\/orlandobackup.univistainsurance.com\/\"},{\"@type\":\"ListItem\",\"position\":2,\"name\":\"Agents\"}]},{\"@type\":\"WebSite\",\"@id\":\"https:\/\/orlandobackup.univistainsurance.com\/#website\",\"url\":\"https:\/\/orlandobackup.univistainsurance.com\/\",\"name\":\"UniVista Insurance Orlando\",\"description\":\"UniVista Insurance Orlando\",\"publisher\":{\"@id\":\"https:\/\/orlandobackup.univistainsurance.com\/#organization\"},\"potentialAction\":[{\"@type\":\"SearchAction\",\"target\":{\"@type\":\"EntryPoint\",\"urlTemplate\":\"https:\/\/orlandobackup.univistainsurance.com\/?s={search_term_string}\"},\"query-input\":{\"@type\":\"PropertyValueSpecification\",\"valueRequired\":true,\"valueName\":\"search_term_string\"}}],\"inLanguage\":\"es-ES\"},{\"@type\":\"Organization\",\"@id\":\"https:\/\/orlandobackup.univistainsurance.com\/#organization\",\"name\":\"Univista Insurance\",\"url\":\"https:\/\/orlandobackup.univistainsurance.com\/\",\"logo\":{\"@type\":\"ImageObject\",\"inLanguage\":\"es-ES\",\"@id\":\"https:\/\/orlandobackup.univistainsurance.com\/#\/schema\/logo\/image\/\",\"url\":\"https:\/\/orlandobackup.univistainsurance.com\/wp-content\/uploads\/2019\/08\/logo-univista.png\",\"contentUrl\":\"https:\/\/orlandobackup.univistainsurance.com\/wp-content\/uploads\/2019\/08\/logo-univista.png\",\"width\":190,\"height\":50,\"caption\":\"Univista Insurance\"},\"image\":{\"@id\":\"https:\/\/orlandobackup.univistainsurance.com\/#\/schema\/logo\/image\/\"},\"sameAs\":[\"https:\/\/www.facebook.com\/UnivistaInsuranceOfficialPage\/\",\"https:\/\/x.com\/UnivistaIns\",\"https:\/\/www.instagram.com\/univista.insurance\/\",\"https:\/\/www.linkedin.com\/company\/univista-insurance\",\"https:\/\/www.youtube.com\/univistainsuranceforall\"]}]}<\/script>\n<!-- \/ Yoast SEO Premium plugin. -->","yoast_head_json":{"title":"Agentes | UniVista Insurance Orlando","description":"\u00a1Busque la agencia m\u00e1s cercana a su ubicaci\u00f3n con nuestro mapa interactivo! Nuestros agentes le brindar\u00e1n una consulta gratuita y el presupuesto que busca.","robots":{"index":"index","follow":"follow","max-snippet":"max-snippet:-1","max-image-preview":"max-image-preview:large","max-video-preview":"max-video-preview:-1"},"canonical":"https:\/\/orlandobackup.univistainsurance.com\/locations\/","og_locale":"es_ES","og_type":"article","og_title":"Agentes | UniVista Insurance Orlando","og_description":"\u00a1Busque la agencia m\u00e1s cercana a su ubicaci\u00f3n con nuestro mapa interactivo! Nuestros agentes le brindar\u00e1n una consulta gratuita y el presupuesto que busca.","og_url":"https:\/\/orlandobackup.univistainsurance.com\/locations\/","og_site_name":"UniVista Insurance Orlando","article_publisher":"https:\/\/www.facebook.com\/UnivistaInsuranceOfficialPage\/","article_modified_time":"2024-01-31T17:03:11+00:00","og_image":[{"width":1389,"height":922,"url":"https:\/\/orlandobackup.univistainsurance.com\/wp-content\/uploads\/2020\/12\/screen-shot-2020-12-22-at-12.35.42-pm.png","type":"image\/png"}],"twitter_card":"summary_large_image","twitter_site":"@UnivistaIns","twitter_misc":{"Est. reading time":"1 minute"},"schema":{"@context":"https:\/\/schema.org","@graph":[{"@type":"WebPage","@id":"https:\/\/orlandobackup.univistainsurance.com\/locations\/","url":"https:\/\/orlandobackup.univistainsurance.com\/locations\/","name":"Agentes | UniVista Insurance Orlando","isPartOf":{"@id":"https:\/\/orlandobackup.univistainsurance.com\/#website"},"primaryImageOfPage":{"@id":"https:\/\/orlandobackup.univistainsurance.com\/locations\/#primaryimage"},"image":{"@id":"https:\/\/orlandobackup.univistainsurance.com\/locations\/#primaryimage"},"thumbnailUrl":"https:\/\/orlandobackup.univistainsurance.com\/wp-content\/uploads\/2020\/12\/screen-shot-2020-12-22-at-12.35.42-pm.png","datePublished":"2019-09-19T18:50:57+00:00","dateModified":"2024-01-31T17:03:11+00:00","description":"Look for the nearest agency from your location with our interactive map! Our agents will provide you a free consultation and the quote youre looking for.","breadcrumb":{"@id":"https:\/\/orlandobackup.univistainsurance.com\/locations\/#breadcrumb"},"inLanguage":"es-ES","potentialAction":[{"@type":"ReadAction","target":["https:\/\/orlandobackup.univistainsurance.com\/locations\/"]}]},{"@type":"ImageObject","inLanguage":"es-ES","@id":"https:\/\/orlandobackup.univistainsurance.com\/locations\/#primaryimage","url":"https:\/\/orlandobackup.univistainsurance.com\/wp-content\/uploads\/2020\/12\/screen-shot-2020-12-22-at-12.35.42-pm.png","contentUrl":"https:\/\/orlandobackup.univistainsurance.com\/wp-content\/uploads\/2020\/12\/screen-shot-2020-12-22-at-12.35.42-pm.png","width":1389,"height":922,"caption":"location \/ Localizaciones"},{"@type":"BreadcrumbList","@id":"https:\/\/orlandobackup.univistainsurance.com\/locations\/#breadcrumb","itemListElement":[{"@type":"ListItem","position":1,"name":"Home","item":"https:\/\/orlandobackup.univistainsurance.com\/"},{"@type":"ListItem","position":2,"name":"Agents"}]},{"@type":"WebSite","@id":"https:\/\/orlandobackup.univistainsurance.com\/#website","url":"https:\/\/orlandobackup.univistainsurance.com\/","name":"UniVista Insurance Orlando","description":"UniVista Insurance Orlando","publisher":{"@id":"https:\/\/orlandobackup.univistainsurance.com\/#organization"},"potentialAction":[{"@type":"SearchAction","target":{"@type":"EntryPoint","urlTemplate":"https:\/\/orlandobackup.univistainsurance.com\/?s={search_term_string}"},"query-input":{"@type":"PropertyValueSpecification","valueRequired":true,"valueName":"search_term_string"}}],"inLanguage":"es-ES"},{"@type":"Organization","@id":"https:\/\/orlandobackup.univistainsurance.com\/#organization","name":"Univista Insurance","url":"https:\/\/orlandobackup.univistainsurance.com\/","logo":{"@type":"ImageObject","inLanguage":"es-ES","@id":"https:\/\/orlandobackup.univistainsurance.com\/#\/schema\/logo\/image\/","url":"https:\/\/orlandobackup.univistainsurance.com\/wp-content\/uploads\/2019\/08\/logo-univista.png","contentUrl":"https:\/\/orlandobackup.univistainsurance.com\/wp-content\/uploads\/2019\/08\/logo-univista.png","width":190,"height":50,"caption":"Univista Insurance"},"image":{"@id":"https:\/\/orlandobackup.univistainsurance.com\/#\/schema\/logo\/image\/"},"sameAs":["https:\/\/www.facebook.com\/UnivistaInsuranceOfficialPage\/","https:\/\/x.com\/UnivistaIns","https:\/\/www.instagram.com\/univista.insurance\/","https:\/\/www.linkedin.com\/company\/univista-insurance","https:\/\/www.youtube.com\/univistainsuranceforall"]}]}},"_links":{"self":[{"href":"https:\/\/orlandobackup.univistainsurance.com\/es\/wp-json\/wp\/v2\/pages\/853","targetHints":{"allow":["GET"]}}],"collection":[{"href":"https:\/\/orlandobackup.univistainsurance.com\/es\/wp-json\/wp\/v2\/pages"}],"about":[{"href":"https:\/\/orlandobackup.univistainsurance.com\/es\/wp-json\/wp\/v2\/types\/page"}],"author":[{"embeddable":true,"href":"https:\/\/orlandobackup.univistainsurance.com\/es\/wp-json\/wp\/v2\/users\/2"}],"replies":[{"embeddable":true,"href":"https:\/\/orlandobackup.univistainsurance.com\/es\/wp-json\/wp\/v2\/comments?post=853"}],"version-history":[{"count":70,"href":"https:\/\/orlandobackup.univistainsurance.com\/es\/wp-json\/wp\/v2\/pages\/853\/revisions"}],"predecessor-version":[{"id":998,"href":"https:\/\/orlandobackup.univistainsurance.com\/es\/wp-json\/wp\/v2\/pages\/853\/revisions\/998"}],"wp:featuredmedia":[{"embeddable":true,"href":"https:\/\/orlandobackup.univistainsurance.com\/es\/wp-json\/wp\/v2\/media\/7002"}],"wp:attachment":[{"href":"https:\/\/orlandobackup.univistainsurance.com\/es\/wp-json\/wp\/v2\/media?parent=853"}],"curies":[{"name":"wp","href":"https:\/\/api.w.org\/{rel}","templated":true}]}}